

{"id":2291,"date":"2018-11-27T13:12:45","date_gmt":"2018-11-27T12:12:45","guid":{"rendered":"http:\/\/dev.lenuslab.com\/cantinebarone\/il-territorio\/"},"modified":"2018-12-10T17:09:34","modified_gmt":"2018-12-10T16:09:34","slug":"il-territorio","status":"publish","type":"page","link":"https:\/\/cantinebarone.it\/de\/il-territorio\/","title":{"rendered":"DAS GEBIET"},"content":{"rendered":"<div class=\"wpb-content-wrapper\"><p>[vc_row full_width=&#8221;stretch_row_content_no_spaces&#8221; css=&#8221;.vc_custom_1458555179979{padding-bottom: 0px !important;}&#8221;][vc_column][vc_gallery interval=&#8221;0&#8243; images=&#8221;1845,1904&#8243; img_size=&#8221;full&#8221; onclick=&#8221;&#8221;][\/vc_column][\/vc_row][vc_row css=&#8221;.vc_custom_1458737831058{padding-bottom: 0px !important;}&#8221;][vc_column width=&#8221;1\/6&#8243;][\/vc_column][vc_column width=&#8221;2\/3&#8243; css=&#8221;.vc_custom_1458555142589{padding-right: 10% !important;padding-left: 10% !important;}&#8221;]\n\t<div class=\"title-subtitle-box \" style=\" text-align: center;\">\n\t\t<h1 style=\" font-weight: normal;\" >Das Cilento-Gebiet<\/h1>\n\t<\/div> [vc_column_text]Seit Jahrhunderten inspiriert der Cilento Dichter und S\u00e4nger. Viele der griechischen und r\u00f6mischen Mythen, die unserer westlichen Kultur zugrunde liegen, wurden an den Ufern des Ozeans aufgestellt: vom Mythos der Sirenen in der Odyssee bis zu dem der b\u00f6sen Kreaturen, der mit dem Mythos Palinuro endet. Der Faden von Cilentos Geschichte entfaltet sich bis heute durch das N\u00e4hen gro\u00dfer und kleiner Ereignisse. sich als Land zwischen Vergangenheit und Fortschritt, zwischen Zukunft und Erinnerung aufzuheben. Spuren, Erinnerungen, Denkm\u00e4ler, Kultur, Pfade, die mit dieser reichen Geschichte verbunden sind, werden dank des Cilento-Nationalparks und der j\u00fcngsten Anerkennung bewahrt. wie die Einbeziehung von Cilento in das Biosph\u00e4rennetzwerk Mab-Unesco. In diesem Gewirr aus Mensch und Natur, Reichtum und Strenge entsteht Rutino. In einer komplexen Mischung, in der die Magie und das Zeitlose mit dem Alltag verschmelzen, entfaltet Rutino seine Geschichte am Rande des S.S 18, der sich durch ihn zieht. Heute ist das Land zum Symbol f\u00fcr einen langsamen und menschlichen Lebensstil geworden, im Gegensatz zu der Geschwindigkeit und Aggressivit\u00e4t, die der Fortschritt mit sich bringt. Dies ist der Geist des Ortes, der seine Bewohner zur anstrengenden Verteidigung und zur leidenschaftlichen Wiedererlangung eines landwirtschaftlichen Erbes und einer einzigartigen Weinproduktion inspiriert. Lokale Reben, die in der Lehm-Kalk-Natur des Bodens und im Klima der Region die Bedingungen finden, um ihre Pers\u00f6nlichkeit am besten zum Ausdruck zu bringen.<\/p>\n<p>[\/vc_column_text]<div class=\"gg-horizontal-list \"><p class=\"subtitle\"><\/p><dl class=\"horizontal\">\n\t<dt >Zucht<\/dt>\n\t<dd >Guyot und Sporncordon<\/dd>\n\t<dt >H\u00d6HE<\/dt>\n\t<dd >400 mt l\/m<\/dd>\n\t<dt >Geografisches Gebiet<\/dt>\n\t<dd >Rutino und Umgebung<\/dd>\n\t<dt >Flaschen produziert<\/dt>\n\t<dd >95.000<\/dd>\n\t<dt >Anbau<\/dt>\n\t<dd >Traditionelle organische D\u00fcngemittel<\/dd>\n\t<dt >Vineyards<\/dt>\n\t<dd >8 Hektar Grundst\u00fcck und 4 in Miete<\/dd>\n\t<dt >Energie<\/dt>\n\t<dd >Sonnenkollektoren<\/dd>\n\t<dt >Umwandlung<\/dt>\n\t<dd >biologisch<\/dd>\n\t<dt >Immobilien<\/dt>\n\t<dd >Giuseppe Di Fiore, Francesco Barone e Perrella<\/dd><\/dl><\/div>[\/vc_column][vc_column width=&#8221;1\/6&#8243;][\/vc_column][\/vc_row][vc_row full_width=&#8221;stretch_row&#8221; css=&#8221;.vc_custom_1469108420952{padding-top: 60px !important;background-image: url(http:\/\/okthemes.com\/villenoirdemo\/wp-content\/uploads\/2016\/03\/the-estate-background-11-17.jpg?id=1077) !important;background-position: center !important;background-repeat: no-repeat !important;background-size: cover !important;}&#8221;][vc_column][vc_row_inner gap=&#8221;30&#8243;][vc_column_inner width=&#8221;1\/2&#8243; css=&#8221;.vc_custom_1460628751680{padding-top: 15% !important;padding-right: 15% !important;padding-bottom: 15% !important;padding-left: 15% !important;background-color: #b0976d !important;}&#8221; offset=&#8221;vc_col-lg-offset-0 vc_col-lg-4 vc_col-md-offset-0 vc_col-md-4 vc_col-sm-offset-3&#8243;][vc_icon type=&#8221;openiconic&#8221; icon_openiconic=&#8221;vc-oi vc-oi-layers-alt&#8221; color=&#8221;white&#8221;][vc_column_text]<\/p>\n<h2 id=\"tw-target-text\" class=\"tw-data-text tw-ta tw-text-small\" dir=\"ltr\" data-placeholder=\"Traduzione\"><span lang=\"de\">Boden<\/span><\/h2>\n<p class=\"tw-data-text tw-ta tw-text-small\" dir=\"ltr\" data-placeholder=\"Traduzione\"><span lang=\"de\">Die meisten Rebfl\u00e4chen liegen in den ton- und sandigen Ablagerungen der K\u00fcste bis zu den H\u00fcgeln, wo sich ein besonderes Terroir namens &#8220;Flish Cilentano&#8221; befindet, das einen kalkhaltigen Lehmboden mit Ton, Sandstein und Mergel definiert. Dieser Boden beg\u00fcnstigt die Produktion von Trauben mit einem relativ hohen S\u00e4uregehalt, wodurch die Weine intensive Farben, eine gute Struktur und eine feine Qualit\u00e4t erhalten.<\/span><\/p>\n<p>[\/vc_column_text][\/vc_column_inner][vc_column_inner width=&#8221;1\/2&#8243; css=&#8221;.vc_custom_1460628787670{padding-top: 15% !important;padding-right: 15% !important;padding-bottom: 15% !important;padding-left: 15% !important;background-color: #ffffff !important;}&#8221; offset=&#8221;vc_col-lg-offset-0 vc_col-lg-4 vc_col-md-offset-0 vc_col-md-4 vc_col-sm-offset-3&#8243;][vc_icon type=&#8221;openiconic&#8221; icon_openiconic=&#8221;vc-oi vc-oi-cloud&#8221; color=&#8221;custom&#8221; custom_color=&#8221;#b0976d&#8221;][vc_column_text]<\/p>\n<h2 id=\"tw-target-text\" class=\"tw-data-text tw-ta tw-text-small\" dir=\"ltr\" data-placeholder=\"Traduzione\"><span lang=\"de\">Klima <\/span><\/h2>\n<p class=\"tw-data-text tw-ta tw-text-small\" dir=\"ltr\" data-placeholder=\"Traduzione\"><span lang=\"de\">Cantine Barone liegt im Alto Cilento, einem Gebiet, das vom Fluss Alento durchquert wird und zwischen Monte Stella und Punta Licosa begrenzt ist. An diesen Orten wird das Mittelmeerklima stark durch das Vorhandensein des Meeres und durch starke t\u00e4gliche Temperaturschwankungen beeinflusst. Die st\u00e4ndige Meeresbrise schafft das ganze Jahr \u00fcber ein mildes Klima, das die Reifung erleichtert.<\/span><\/p>\n<p>[\/vc_column_text][\/vc_column_inner][vc_column_inner width=&#8221;1\/2&#8243; css=&#8221;.vc_custom_1460628881427{padding-top: 15% !important;padding-right: 15% !important;padding-bottom: 15% !important;padding-left: 15% !important;background-color: #b0976d !important;}&#8221; offset=&#8221;vc_col-lg-offset-0 vc_col-lg-4 vc_col-md-offset-0 vc_col-md-4 vc_col-sm-offset-3&#8243;][vc_icon type=&#8221;openiconic&#8221; icon_openiconic=&#8221;vc-oi vc-oi-share&#8221; color=&#8221;white&#8221;][vc_column_text]<\/p>\n<h2 id=\"tw-target-text\" class=\"tw-data-text tw-ta tw-text-small\" dir=\"ltr\" data-placeholder=\"Traduzione\"><span lang=\"de\">Wein <\/span><\/h2>\n<p class=\"tw-data-text tw-ta tw-text-small\" dir=\"ltr\" data-placeholder=\"Traduzione\"><span lang=\"de\">Das Cilento DOC umfasst die Provinz Salerno, ein gro\u00dfes Gebiet s\u00fcd\u00f6stlich der Hauptstadt. In diesen Gegenden sind die einheimischen Rebsorten weit verbreitet wie der Grieche, der Piedirosso, der Tintore usw. aber Fiano und Aglianico sind die Hauptinterpreten des Gebiets. Kraftvolle und weiche Weine, die an die Sonne und die Kraft der Erde erinnern, die sie ausdr\u00fccken.<\/span><\/p>\n<p>[\/vc_column_text][\/vc_column_inner][\/vc_row_inner][\/vc_column][\/vc_row][vc_row][vc_column offset=&#8221;vc_col-lg-4 vc_col-md-4&#8243;]\n\t<div class=\"title-subtitle-box \" style=\" text-align: left;\">\n\t\t<p style=\"\">Das Gebiet<\/p>\n\t\t<h1 style=\" font-weight: normal;\" >Rutino<\/h1>\n\t<\/div> [\/vc_column][vc_column width=&#8221;1\/2&#8243; offset=&#8221;vc_col-lg-4 vc_col-md-4&#8243;][vc_single_image image=&#8221;1208&#8243; img_size=&#8221;195&#215;241&#8243; alignment=&#8221;center&#8221;][\/vc_column][vc_column width=&#8221;1\/2&#8243; offset=&#8221;vc_col-lg-4 vc_col-md-4&#8243;][vc_column_text]<\/p>\n<p id=\"tw-target-text\" class=\"tw-data-text tw-ta tw-text-small\" dir=\"ltr\" data-placeholder=\"Traduzione\"><span lang=\"de\">Wo die Magie und das Zeitlose im Alltag verschmelzen, entfaltet Rutino seine Geschichte am Rande des S.S 18, der ihn \u00fcberquert. Heute ist das Land zum Symbol f\u00fcr einen langsamen und menschlichen Lebensstil geworden, im Gegensatz zu der Geschwindigkeit und Aggressivit\u00e4t, die der Fortschritt mit sich bringt.<\/span><\/p>\n<p>[\/vc_column_text][\/vc_column][\/vc_row][vc_row full_width=&#8221;stretch_row_content_no_spaces&#8221; equal_height=&#8221;yes&#8221; content_placement=&#8221;middle&#8221; css=&#8221;.vc_custom_1458558193547{padding-top: 0px !important;padding-bottom: 0px !important;}&#8221;][vc_column css=&#8221;.vc_custom_1460629135634{margin-top: 0px !important;margin-right: 0px !important;margin-bottom: 0px !important;margin-left: 0px !important;padding-top: 0px !important;padding-right: 0px !important;padding-bottom: 0px !important;padding-left: 0px !important;}&#8221; offset=&#8221;vc_col-lg-6 vc_col-md-6&#8243;][vc_single_image image=&#8221;1788&#8243; img_size=&#8221;full&#8221; css=&#8221;.vc_custom_1538809409421{margin-top: 0px !important;margin-right: 0px !important;margin-bottom: 0px !important;margin-left: 0px !important;padding-top: 0px !important;padding-right: 0px !important;padding-bottom: 0px !important;padding-left: 0px !important;}&#8221;][\/vc_column][vc_column css=&#8221;.vc_custom_1460629151533{padding-top: 115px !important;padding-right: 115px !important;padding-bottom: 115px !important;padding-left: 115px !important;}&#8221; offset=&#8221;vc_col-lg-6 vc_col-md-6&#8243;]\n\t<div class=\"title-subtitle-box \" style=\" margin-bottom:90px; text-align: center;\">\n\t\t<p style=\"\">Der keller<\/p>\n\t\t<h1 style=\" font-weight: normal;\" >Touren &amp; Verkostungen<\/h1>\n\t<\/div> [vc_column_text css=&#8221;.vc_custom_1538809391563{margin-bottom: 90px !important;}&#8221;]<\/p>\n<p style=\"text-align: center;\">Besuchen Sie unseren Keller, w\u00e4hlen Sie die Tour mit Weinprobe und spazieren Sie durch die Weinberge.<\/p>\n<p>[\/vc_column_text][vc_btn title=&#8221;Lesen Sie weiter&#8221; style=&#8221;custom&#8221; custom_background=&#8221;#000000&#8243; custom_text=&#8221;#ffffff&#8221; shape=&#8221;square&#8221; align=&#8221;center&#8221; link=&#8221;url:%23|&#8221;][\/vc_column][\/vc_row][vc_row full_width=&#8221;stretch_row_content_no_spaces&#8221; equal_height=&#8221;yes&#8221; content_placement=&#8221;middle&#8221; disable_element=&#8221;yes&#8221; css=&#8221;.vc_custom_1538809306298{padding-top: 0px !important;padding-bottom: 0px !important;}&#8221;][vc_column css=&#8221;.vc_custom_1460629243166{padding-top: 115px !important;padding-right: 115px !important;padding-bottom: 115px !important;padding-left: 115px !important;}&#8221; offset=&#8221;vc_col-lg-6 vc_col-md-6&#8243;]\n\t<div class=\"title-subtitle-box \" style=\" text-align: center;\">\n\t\t<p style=\"\">The estate<\/p>\n\t\t<h1 style=\" font-weight: normal;\" >Corporate &amp; Private Events<\/h1>\n\t<\/div> [vc_column_text css=&#8221;.vc_custom_1457626016290{margin-bottom: 90px !important;}&#8221;]<\/p>\n<p style=\"text-align: center;\">Lorem ipsum dolor sit amet, consectetur adipiscing. Cras vel iaculis urna. Cras bibendum ex id dolor facilisis, in tempor lacus dapibus.<\/p>\n<p>[\/vc_column_text][vc_btn title=&#8221;Lesen Sie weiter&#8221; style=&#8221;custom&#8221; custom_background=&#8221;#000000&#8243; custom_text=&#8221;#ffffff&#8221; shape=&#8221;square&#8221; align=&#8221;center&#8221; link=&#8221;url:%23|&#8221;][\/vc_column][vc_column css=&#8221;.vc_custom_1460629254486{margin-top: 0px !important;margin-right: 0px !important;margin-bottom: 0px !important;margin-left: 0px !important;padding-top: 0px !important;padding-right: 0px !important;padding-bottom: 0px !important;padding-left: 0px !important;}&#8221; offset=&#8221;vc_col-lg-6 vc_col-md-6&#8243;][vc_single_image image=&#8221;1209&#8243; img_size=&#8221;full&#8221; css=&#8221;.vc_custom_1534845683079{margin-top: 0px !important;margin-right: 0px !important;margin-bottom: 0px !important;margin-left: 0px !important;padding-top: 0px !important;padding-right: 0px !important;padding-bottom: 0px !important;padding-left: 0px !important;}&#8221;][\/vc_column][\/vc_row][vc_row full_width=&#8221;stretch_row_content_no_spaces&#8221; equal_height=&#8221;yes&#8221; content_placement=&#8221;middle&#8221; disable_element=&#8221;yes&#8221; css=&#8221;.vc_custom_1538809316296{padding-top: 0px !important;padding-bottom: 0px !important;}&#8221;][vc_column css=&#8221;.vc_custom_1460629267259{margin-top: 0px !important;margin-right: 0px !important;margin-bottom: 0px !important;margin-left: 0px !important;padding-top: 0px !important;padding-right: 0px !important;padding-bottom: 0px !important;padding-left: 0px !important;}&#8221; offset=&#8221;vc_col-lg-6 vc_col-md-6&#8243;][vc_single_image image=&#8221;1209&#8243; img_size=&#8221;full&#8221; css=&#8221;.vc_custom_1534845691266{margin-top: 0px !important;margin-right: 0px !important;margin-bottom: 0px !important;margin-left: 0px !important;padding-top: 0px !important;padding-right: 0px !important;padding-bottom: 0px !important;padding-left: 0px !important;}&#8221;][\/vc_column][vc_column css=&#8221;.vc_custom_1460629276472{padding-top: 115px !important;padding-right: 115px !important;padding-bottom: 115px !important;padding-left: 115px !important;}&#8221; offset=&#8221;vc_col-lg-6 vc_col-md-6&#8243;]\n\t<div class=\"title-subtitle-box \" style=\" margin-bottom:90px; text-align: center;\">\n\t\t<p style=\"\">The estate<\/p>\n\t\t<h1 style=\" font-weight: normal;\" >Weddings at the Estate<\/h1>\n\t<\/div> [vc_column_text css=&#8221;.vc_custom_1457626016290{margin-bottom: 90px !important;}&#8221;]<\/p>\n<p style=\"text-align: center;\">Lorem ipsum dolor sit amet, consectetur adipiscing. Cras vel iaculis urna. Cras bibendum ex id dolor facilisis, in tempor lacus dapibus.<\/p>\n<p>[\/vc_column_text][vc_btn title=&#8221;Lesen Sie weiter&#8221; style=&#8221;custom&#8221; custom_background=&#8221;#000000&#8243; custom_text=&#8221;#ffffff&#8221; shape=&#8221;square&#8221; align=&#8221;center&#8221; link=&#8221;url:%23|&#8221;][\/vc_column][\/vc_row][vc_row full_width=&#8221;stretch_row&#8221; css=&#8221;.vc_custom_1460629297580{padding-top: 150px !important;padding-bottom: 150px !important;background: #f2f2f2 url(http:\/\/okthemes.com\/villenoirdemo\/wp-content\/uploads\/2016\/03\/the-estate-our-address.jpg?id=478) !important;background-position: center !important;background-repeat: no-repeat !important;background-size: cover !important;}&#8221;][vc_column offset=&#8221;vc_col-lg-offset-2 vc_col-lg-8 vc_col-md-offset-2 vc_col-md-8&#8243;]\n\t<div class=\"title-subtitle-box \" style=\" margin-bottom:90px; text-align: center;\">\n\t\t<p style=\"\">Wo sind wir?<\/p>\n\t\t<h1 style=\" font-weight: normal;\" > \u00fcber Giardino 84070 Rutino (SA), Italy<\/h1>\n\t<\/div> [vc_btn title=&#8221;Richtung und Kontakte&#8221; style=&#8221;custom&#8221; custom_background=&#8221;#b0976d&#8221; custom_text=&#8221;#ffffff&#8221; shape=&#8221;square&#8221; align=&#8221;center&#8221; link=&#8221;url:http%3A%2F%2Fdev.lenuslab.com%2Fcantinebarone%2Fcontatti%2F%3Flang%3Dde|&#8221;][\/vc_column][\/vc_row]<\/p>\n<\/div>","protected":false},"excerpt":{"rendered":"<p>[vc_row full_width=&#8221;stretch_row_content_no_spaces&#8221; css=&#8221;.vc_custom_1458555179979{padding-bottom: 0px !important;}&#8221;][vc_column][vc_gallery interval=&#8221;0&#8243; images=&#8221;1845,1904&#8243; img_size=&#8221;full&#8221; onclick=&#8221;&#8221;][\/vc_column][\/vc_row][vc_row css=&#8221;.vc_custom_1458737831058{padding-bottom: 0px !important;}&#8221;][vc_column width=&#8221;1\/6&#8243;][\/vc_column][vc_column width=&#8221;2\/3&#8243; css=&#8221;.vc_custom_1458555142589{padding-right: 10% !important;padding-left: 10% !important;}&#8221;][vc_column_text]Seit Jahrhunderten inspiriert der Cilento Dichter und S\u00e4nger. Viele der griechischen und r\u00f6mischen Mythen, die unserer westlichen Kultur zugrunde liegen, wurden an den Ufern des Ozeans aufgestellt: vom Mythos der Sirenen in der Odyssee bis zu dem<br class=\"read-more-spacer\"> <a class=\"more-link\" href=\"https:\/\/cantinebarone.it\/de\/il-territorio\/\">Read More<\/a><\/p>\n","protected":false},"author":269,"featured_media":0,"parent":0,"menu_order":0,"comment_status":"closed","ping_status":"closed","template":"","meta":{"footnotes":""},"class_list":["post-2291","page","type-page","status-publish","hentry"],"yoast_head":"<!-- This site is optimized with the Yoast SEO plugin v27.3 - https:\/\/yoast.com\/product\/yoast-seo-wordpress\/ -->\n<title>DAS GEBIET - Cantine Barone<\/title>\n<meta name=\"robots\" content=\"index, follow, max-snippet:-1, max-image-preview:large, max-video-preview:-1\" \/>\n<link rel=\"canonical\" href=\"https:\/\/cantinebarone.it\/de\/il-territorio\/\" \/>\n<meta property=\"og:locale\" content=\"de_DE\" \/>\n<meta property=\"og:type\" content=\"article\" \/>\n<meta property=\"og:title\" content=\"DAS GEBIET - Cantine Barone\" \/>\n<meta property=\"og:description\" content=\"[vc_row full_width=&#8221;stretch_row_content_no_spaces&#8221; css=&#8221;.vc_custom_1458555179979{padding-bottom: 0px !important;}&#8221;][vc_column][vc_gallery interval=&#8221;0&#8243; images=&#8221;1845,1904&#8243; img_size=&#8221;full&#8221; onclick=&#8221;&#8221;][\/vc_column][\/vc_row][vc_row css=&#8221;.vc_custom_1458737831058{padding-bottom: 0px !important;}&#8221;][vc_column width=&#8221;1\/6&#8243;][\/vc_column][vc_column width=&#8221;2\/3&#8243; css=&#8221;.vc_custom_1458555142589{padding-right: 10% !important;padding-left: 10% !important;}&#8221;][vc_column_text]Seit Jahrhunderten inspiriert der Cilento Dichter und S\u00e4nger. Viele der griechischen und r\u00f6mischen Mythen, die unserer westlichen Kultur zugrunde liegen, wurden an den Ufern des Ozeans aufgestellt: vom Mythos der Sirenen in der Odyssee bis zu dem Read More\" \/>\n<meta property=\"og:url\" content=\"https:\/\/cantinebarone.it\/de\/il-territorio\/\" \/>\n<meta property=\"og:site_name\" content=\"Cantine Barone\" \/>\n<meta property=\"article:modified_time\" content=\"2018-12-10T16:09:34+00:00\" \/>\n<meta name=\"twitter:card\" content=\"summary_large_image\" \/>\n<meta name=\"twitter:label1\" content=\"Est. reading time\" \/>\n\t<meta name=\"twitter:data1\" content=\"8 minutes\" \/>\n<script type=\"application\/ld+json\" class=\"yoast-schema-graph\">{\"@context\":\"https:\\\/\\\/schema.org\",\"@graph\":[{\"@type\":\"WebPage\",\"@id\":\"https:\\\/\\\/cantinebarone.it\\\/de\\\/il-territorio\\\/\",\"url\":\"https:\\\/\\\/cantinebarone.it\\\/de\\\/il-territorio\\\/\",\"name\":\"DAS GEBIET - Cantine Barone\",\"isPartOf\":{\"@id\":\"https:\\\/\\\/cantinebarone.it\\\/#website\"},\"datePublished\":\"2018-11-27T12:12:45+00:00\",\"dateModified\":\"2018-12-10T16:09:34+00:00\",\"breadcrumb\":{\"@id\":\"https:\\\/\\\/cantinebarone.it\\\/de\\\/il-territorio\\\/#breadcrumb\"},\"inLanguage\":\"de-DE\",\"potentialAction\":[{\"@type\":\"ReadAction\",\"target\":[\"https:\\\/\\\/cantinebarone.it\\\/de\\\/il-territorio\\\/\"]}]},{\"@type\":\"BreadcrumbList\",\"@id\":\"https:\\\/\\\/cantinebarone.it\\\/de\\\/il-territorio\\\/#breadcrumb\",\"itemListElement\":[{\"@type\":\"ListItem\",\"position\":1,\"name\":\"Home\",\"item\":\"https:\\\/\\\/cantinebarone.it\\\/de\\\/\"},{\"@type\":\"ListItem\",\"position\":2,\"name\":\"DAS GEBIET\"}]},{\"@type\":\"WebSite\",\"@id\":\"https:\\\/\\\/cantinebarone.it\\\/#website\",\"url\":\"https:\\\/\\\/cantinebarone.it\\\/\",\"name\":\"Cantine Barone\",\"description\":\"Ogni Male Stuta\",\"potentialAction\":[{\"@type\":\"SearchAction\",\"target\":{\"@type\":\"EntryPoint\",\"urlTemplate\":\"https:\\\/\\\/cantinebarone.it\\\/?s={search_term_string}\"},\"query-input\":{\"@type\":\"PropertyValueSpecification\",\"valueRequired\":true,\"valueName\":\"search_term_string\"}}],\"inLanguage\":\"de-DE\"}]}<\/script>\n<!-- \/ Yoast SEO plugin. -->","yoast_head_json":{"title":"DAS GEBIET - Cantine Barone","robots":{"index":"index","follow":"follow","max-snippet":"max-snippet:-1","max-image-preview":"max-image-preview:large","max-video-preview":"max-video-preview:-1"},"canonical":"https:\/\/cantinebarone.it\/de\/il-territorio\/","og_locale":"de_DE","og_type":"article","og_title":"DAS GEBIET - Cantine Barone","og_description":"[vc_row full_width=&#8221;stretch_row_content_no_spaces&#8221; css=&#8221;.vc_custom_1458555179979{padding-bottom: 0px !important;}&#8221;][vc_column][vc_gallery interval=&#8221;0&#8243; images=&#8221;1845,1904&#8243; img_size=&#8221;full&#8221; onclick=&#8221;&#8221;][\/vc_column][\/vc_row][vc_row css=&#8221;.vc_custom_1458737831058{padding-bottom: 0px !important;}&#8221;][vc_column width=&#8221;1\/6&#8243;][\/vc_column][vc_column width=&#8221;2\/3&#8243; css=&#8221;.vc_custom_1458555142589{padding-right: 10% !important;padding-left: 10% !important;}&#8221;][vc_column_text]Seit Jahrhunderten inspiriert der Cilento Dichter und S\u00e4nger. Viele der griechischen und r\u00f6mischen Mythen, die unserer westlichen Kultur zugrunde liegen, wurden an den Ufern des Ozeans aufgestellt: vom Mythos der Sirenen in der Odyssee bis zu dem Read More","og_url":"https:\/\/cantinebarone.it\/de\/il-territorio\/","og_site_name":"Cantine Barone","article_modified_time":"2018-12-10T16:09:34+00:00","twitter_card":"summary_large_image","twitter_misc":{"Est. reading time":"8 minutes"},"schema":{"@context":"https:\/\/schema.org","@graph":[{"@type":"WebPage","@id":"https:\/\/cantinebarone.it\/de\/il-territorio\/","url":"https:\/\/cantinebarone.it\/de\/il-territorio\/","name":"DAS GEBIET - Cantine Barone","isPartOf":{"@id":"https:\/\/cantinebarone.it\/#website"},"datePublished":"2018-11-27T12:12:45+00:00","dateModified":"2018-12-10T16:09:34+00:00","breadcrumb":{"@id":"https:\/\/cantinebarone.it\/de\/il-territorio\/#breadcrumb"},"inLanguage":"de-DE","potentialAction":[{"@type":"ReadAction","target":["https:\/\/cantinebarone.it\/de\/il-territorio\/"]}]},{"@type":"BreadcrumbList","@id":"https:\/\/cantinebarone.it\/de\/il-territorio\/#breadcrumb","itemListElement":[{"@type":"ListItem","position":1,"name":"Home","item":"https:\/\/cantinebarone.it\/de\/"},{"@type":"ListItem","position":2,"name":"DAS GEBIET"}]},{"@type":"WebSite","@id":"https:\/\/cantinebarone.it\/#website","url":"https:\/\/cantinebarone.it\/","name":"Cantine Barone","description":"Ogni Male Stuta","potentialAction":[{"@type":"SearchAction","target":{"@type":"EntryPoint","urlTemplate":"https:\/\/cantinebarone.it\/?s={search_term_string}"},"query-input":{"@type":"PropertyValueSpecification","valueRequired":true,"valueName":"search_term_string"}}],"inLanguage":"de-DE"}]}},"_links":{"self":[{"href":"https:\/\/cantinebarone.it\/de\/wp-json\/wp\/v2\/pages\/2291","targetHints":{"allow":["GET"]}}],"collection":[{"href":"https:\/\/cantinebarone.it\/de\/wp-json\/wp\/v2\/pages"}],"about":[{"href":"https:\/\/cantinebarone.it\/de\/wp-json\/wp\/v2\/types\/page"}],"author":[{"embeddable":true,"href":"https:\/\/cantinebarone.it\/de\/wp-json\/wp\/v2\/users\/269"}],"replies":[{"embeddable":true,"href":"https:\/\/cantinebarone.it\/de\/wp-json\/wp\/v2\/comments?post=2291"}],"version-history":[{"count":13,"href":"https:\/\/cantinebarone.it\/de\/wp-json\/wp\/v2\/pages\/2291\/revisions"}],"predecessor-version":[{"id":2598,"href":"https:\/\/cantinebarone.it\/de\/wp-json\/wp\/v2\/pages\/2291\/revisions\/2598"}],"wp:attachment":[{"href":"https:\/\/cantinebarone.it\/de\/wp-json\/wp\/v2\/media?parent=2291"}],"curies":[{"name":"wp","href":"https:\/\/api.w.org\/{rel}","templated":true}]}}