

{"id":2307,"date":"2018-11-27T13:21:21","date_gmt":"2018-11-27T12:21:21","guid":{"rendered":"http:\/\/dev.lenuslab.com\/cantinebarone\/cart\/"},"modified":"2020-05-05T16:58:11","modified_gmt":"2020-05-05T14:58:11","slug":"cart","status":"publish","type":"page","link":"https:\/\/cantinebarone.it\/de\/cart\/","title":{"rendered":"Cart"},"content":{"rendered":"<div class=\"wpb-content-wrapper\"><p>[vc_row][vc_column][vc_column_text]<\/p>\n<div class=\"container\">\n<p class=\"return-to-shop1\"><a class=\"button wc-backward\" href=\"http:\/\/www.cantinebarone.it\/shop\/?lang=de\">\u00a0Kehre zum Laden zur\u00fcck<\/a><\/p>\n<\/div>\n<p>[\/vc_column_text][vc_empty_space][vc_column_text]<\/p>\n<p>Bei Versand au\u00dferhalb Italiens w\u00e4hlen Sie auf der n\u00e4chsten Seite das Land aus, um ein Angebot anzufordern, indem Sie an die E-Mail-Adresse info@cantinebarone.it schreiben.<\/p>\n<p>[\/vc_column_text][\/vc_column][\/vc_row]<\/p>\n<\/div>","protected":false},"excerpt":{"rendered":"<p>[vc_row][vc_column][vc_column_text] \u00a0Kehre zum Laden zur\u00fcck [\/vc_column_text][vc_empty_space][vc_column_text] Bei Versand au\u00dferhalb Italiens w\u00e4hlen Sie auf der n\u00e4chsten Seite das Land aus, um ein Angebot anzufordern, indem Sie an die E-Mail-Adresse info@cantinebarone.it schreiben. [\/vc_column_text][\/vc_column][\/vc_row]<\/p>\n","protected":false},"author":269,"featured_media":0,"parent":0,"menu_order":0,"comment_status":"closed","ping_status":"closed","template":"","meta":{"footnotes":""},"class_list":["post-2307","page","type-page","status-publish","hentry"],"yoast_head":"<!-- This site is optimized with the Yoast SEO plugin v27.3 - https:\/\/yoast.com\/product\/yoast-seo-wordpress\/ -->\n<title>Cart - Cantine Barone<\/title>\n<meta name=\"robots\" content=\"index, follow, max-snippet:-1, max-image-preview:large, max-video-preview:-1\" \/>\n<link rel=\"canonical\" href=\"https:\/\/cantinebarone.it\/de\/cart\/\" \/>\n<meta property=\"og:locale\" content=\"de_DE\" \/>\n<meta property=\"og:type\" content=\"article\" \/>\n<meta property=\"og:title\" content=\"Cart - Cantine Barone\" \/>\n<meta property=\"og:description\" content=\"[vc_row][vc_column][vc_column_text] \u00a0Kehre zum Laden zur\u00fcck [\/vc_column_text][vc_empty_space][vc_column_text] Bei Versand au\u00dferhalb Italiens w\u00e4hlen Sie auf der n\u00e4chsten Seite das Land aus, um ein Angebot anzufordern, indem Sie an die E-Mail-Adresse info@cantinebarone.it schreiben. [\/vc_column_text][\/vc_column][\/vc_row]\" \/>\n<meta property=\"og:url\" content=\"https:\/\/cantinebarone.it\/de\/cart\/\" \/>\n<meta property=\"og:site_name\" content=\"Cantine Barone\" \/>\n<meta property=\"article:modified_time\" content=\"2020-05-05T14:58:11+00:00\" \/>\n<meta name=\"twitter:card\" content=\"summary_large_image\" \/>\n<script type=\"application\/ld+json\" class=\"yoast-schema-graph\">{\"@context\":\"https:\\\/\\\/schema.org\",\"@graph\":[{\"@type\":\"WebPage\",\"@id\":\"https:\\\/\\\/cantinebarone.it\\\/de\\\/cart\\\/\",\"url\":\"https:\\\/\\\/cantinebarone.it\\\/de\\\/cart\\\/\",\"name\":\"Cart - Cantine Barone\",\"isPartOf\":{\"@id\":\"https:\\\/\\\/cantinebarone.it\\\/#website\"},\"datePublished\":\"2018-11-27T12:21:21+00:00\",\"dateModified\":\"2020-05-05T14:58:11+00:00\",\"breadcrumb\":{\"@id\":\"https:\\\/\\\/cantinebarone.it\\\/de\\\/cart\\\/#breadcrumb\"},\"inLanguage\":\"de-DE\",\"potentialAction\":[{\"@type\":\"ReadAction\",\"target\":[\"https:\\\/\\\/cantinebarone.it\\\/de\\\/cart\\\/\"]}]},{\"@type\":\"BreadcrumbList\",\"@id\":\"https:\\\/\\\/cantinebarone.it\\\/de\\\/cart\\\/#breadcrumb\",\"itemListElement\":[{\"@type\":\"ListItem\",\"position\":1,\"name\":\"Home\",\"item\":\"https:\\\/\\\/cantinebarone.it\\\/de\\\/\"},{\"@type\":\"ListItem\",\"position\":2,\"name\":\"Cart\"}]},{\"@type\":\"WebSite\",\"@id\":\"https:\\\/\\\/cantinebarone.it\\\/#website\",\"url\":\"https:\\\/\\\/cantinebarone.it\\\/\",\"name\":\"Cantine Barone\",\"description\":\"Ogni Male Stuta\",\"potentialAction\":[{\"@type\":\"SearchAction\",\"target\":{\"@type\":\"EntryPoint\",\"urlTemplate\":\"https:\\\/\\\/cantinebarone.it\\\/?s={search_term_string}\"},\"query-input\":{\"@type\":\"PropertyValueSpecification\",\"valueRequired\":true,\"valueName\":\"search_term_string\"}}],\"inLanguage\":\"de-DE\"}]}<\/script>\n<!-- \/ Yoast SEO plugin. -->","yoast_head_json":{"title":"Cart - Cantine Barone","robots":{"index":"index","follow":"follow","max-snippet":"max-snippet:-1","max-image-preview":"max-image-preview:large","max-video-preview":"max-video-preview:-1"},"canonical":"https:\/\/cantinebarone.it\/de\/cart\/","og_locale":"de_DE","og_type":"article","og_title":"Cart - Cantine Barone","og_description":"[vc_row][vc_column][vc_column_text] \u00a0Kehre zum Laden zur\u00fcck [\/vc_column_text][vc_empty_space][vc_column_text] Bei Versand au\u00dferhalb Italiens w\u00e4hlen Sie auf der n\u00e4chsten Seite das Land aus, um ein Angebot anzufordern, indem Sie an die E-Mail-Adresse info@cantinebarone.it schreiben. [\/vc_column_text][\/vc_column][\/vc_row]","og_url":"https:\/\/cantinebarone.it\/de\/cart\/","og_site_name":"Cantine Barone","article_modified_time":"2020-05-05T14:58:11+00:00","twitter_card":"summary_large_image","schema":{"@context":"https:\/\/schema.org","@graph":[{"@type":"WebPage","@id":"https:\/\/cantinebarone.it\/de\/cart\/","url":"https:\/\/cantinebarone.it\/de\/cart\/","name":"Cart - Cantine Barone","isPartOf":{"@id":"https:\/\/cantinebarone.it\/#website"},"datePublished":"2018-11-27T12:21:21+00:00","dateModified":"2020-05-05T14:58:11+00:00","breadcrumb":{"@id":"https:\/\/cantinebarone.it\/de\/cart\/#breadcrumb"},"inLanguage":"de-DE","potentialAction":[{"@type":"ReadAction","target":["https:\/\/cantinebarone.it\/de\/cart\/"]}]},{"@type":"BreadcrumbList","@id":"https:\/\/cantinebarone.it\/de\/cart\/#breadcrumb","itemListElement":[{"@type":"ListItem","position":1,"name":"Home","item":"https:\/\/cantinebarone.it\/de\/"},{"@type":"ListItem","position":2,"name":"Cart"}]},{"@type":"WebSite","@id":"https:\/\/cantinebarone.it\/#website","url":"https:\/\/cantinebarone.it\/","name":"Cantine Barone","description":"Ogni Male Stuta","potentialAction":[{"@type":"SearchAction","target":{"@type":"EntryPoint","urlTemplate":"https:\/\/cantinebarone.it\/?s={search_term_string}"},"query-input":{"@type":"PropertyValueSpecification","valueRequired":true,"valueName":"search_term_string"}}],"inLanguage":"de-DE"}]}},"_links":{"self":[{"href":"https:\/\/cantinebarone.it\/de\/wp-json\/wp\/v2\/pages\/2307","targetHints":{"allow":["GET"]}}],"collection":[{"href":"https:\/\/cantinebarone.it\/de\/wp-json\/wp\/v2\/pages"}],"about":[{"href":"https:\/\/cantinebarone.it\/de\/wp-json\/wp\/v2\/types\/page"}],"author":[{"embeddable":true,"href":"https:\/\/cantinebarone.it\/de\/wp-json\/wp\/v2\/users\/269"}],"replies":[{"embeddable":true,"href":"https:\/\/cantinebarone.it\/de\/wp-json\/wp\/v2\/comments?post=2307"}],"version-history":[{"count":6,"href":"https:\/\/cantinebarone.it\/de\/wp-json\/wp\/v2\/pages\/2307\/revisions"}],"predecessor-version":[{"id":3226,"href":"https:\/\/cantinebarone.it\/de\/wp-json\/wp\/v2\/pages\/2307\/revisions\/3226"}],"wp:attachment":[{"href":"https:\/\/cantinebarone.it\/de\/wp-json\/wp\/v2\/media?parent=2307"}],"curies":[{"name":"wp","href":"https:\/\/api.w.org\/{rel}","templated":true}]}}