

{"id":2318,"date":"2018-11-27T13:25:18","date_gmt":"2018-11-27T12:25:18","guid":{"rendered":"http:\/\/dev.lenuslab.com\/cantinebarone\/contatti\/"},"modified":"2018-12-11T10:30:41","modified_gmt":"2018-12-11T09:30:41","slug":"contatti","status":"publish","type":"page","link":"https:\/\/cantinebarone.it\/de\/contatti\/","title":{"rendered":"Kontakt"},"content":{"rendered":"<div class=\"wpb-content-wrapper\"><p>[vc_row full_width=&#8221;stretch_row&#8221; css=&#8221;.vc_custom_1458720332308{padding-top: 90px !important;padding-bottom: 0px !important;background-color: #000000 !important;}&#8221;][vc_column width=&#8221;1\/2&#8243;]\n\t<div class=\"gg-infobox \" style=\"text-align:left;\">\n\t\t<p class=\"subtitle\" >Cantine Barone<\/p>\n\t\t<div class=\"description\" style=\"color: #ffffff;\"><p>Via Giardino<br \/>\n84070 Rutino (SA)<\/p>\n<p>Italy<\/p>\n<\/div>\n\t<\/div> \n\t<div class=\"gg-infobox \" style=\"text-align:left;\">\n\t\t<p class=\"subtitle\" >Contatti<\/p>\n\t\t<div class=\"description\" style=\"color: #ffffff;\"><p><strong>Tel. e Fax: 0974 830463<\/strong><\/p>\n<p>Mail:\u00a0<u><a href=\"mailto:info@cantinebarone.it\">info@cantinebarone.it<\/a><\/u><\/p>\n<\/div>\n\t<\/div> [\/vc_column][vc_column width=&#8221;1\/2&#8243;]<div class=\"gg-horizontal-list \"><p class=\"subtitle\">Orari<\/p><dl class=\"horizontal\">\n\t<dt style=\"color: #ffffff;\">MON - FRE<\/dt>\n\t<dd style=\"color: #ffffff;\">9.30 - 17.30<\/dd>\n\t<dt style=\"color: #ffffff;\">SAM- SON<\/dt>\n\t<dd style=\"color: #ffffff;\">10.00 - 16.00<\/dd><\/dl><\/div>\n\t<div class=\"gg-infobox \" style=\"text-align:left;\">\n\t\t<p class=\"subtitle\" >Informazioni<\/p>\n\t\t<div class=\"description\" style=\"color: #ffffff;\"><p>F\u00fcr detaillierte Informationen \u00fcber unsere Produktion und Vertrieb f\u00fcllen Sie bitte das Formular aus. Wir werden so schnell wie m\u00f6glich antworten. F\u00fcr alle anderen Informationen senden Sie eine Anfrage an die E-Mail-Adresse: info@cantinebarone.it<\/p>\n<\/div>\n\t<\/div> [\/vc_column][\/vc_row]<\/p>\n<\/div>","protected":false},"excerpt":{"rendered":"<p>[vc_row full_width=&#8221;stretch_row&#8221; css=&#8221;.vc_custom_1458720332308{padding-top: 90px !important;padding-bottom: 0px !important;background-color: #000000 !important;}&#8221;][vc_column width=&#8221;1\/2&#8243;][\/vc_column][vc_column width=&#8221;1\/2&#8243;][\/vc_column][\/vc_row]<\/p>\n","protected":false},"author":269,"featured_media":0,"parent":0,"menu_order":0,"comment_status":"closed","ping_status":"closed","template":"theme-templates\/contact.php","meta":{"footnotes":""},"class_list":["post-2318","page","type-page","status-publish","hentry"],"yoast_head":"<!-- This site is optimized with the Yoast SEO plugin v27.3 - https:\/\/yoast.com\/product\/yoast-seo-wordpress\/ -->\n<title>Kontakt - Cantine Barone<\/title>\n<meta name=\"robots\" content=\"index, follow, max-snippet:-1, max-image-preview:large, max-video-preview:-1\" \/>\n<link rel=\"canonical\" href=\"https:\/\/cantinebarone.it\/de\/contatti\/\" \/>\n<meta property=\"og:locale\" content=\"de_DE\" \/>\n<meta property=\"og:type\" content=\"article\" \/>\n<meta property=\"og:title\" content=\"Kontakt - Cantine Barone\" \/>\n<meta property=\"og:description\" content=\"[vc_row full_width=&#8221;stretch_row&#8221; css=&#8221;.vc_custom_1458720332308{padding-top: 90px !important;padding-bottom: 0px !important;background-color: #000000 !important;}&#8221;][vc_column width=&#8221;1\/2&#8243;][\/vc_column][vc_column width=&#8221;1\/2&#8243;][\/vc_column][\/vc_row]\" \/>\n<meta property=\"og:url\" content=\"https:\/\/cantinebarone.it\/de\/contatti\/\" \/>\n<meta property=\"og:site_name\" content=\"Cantine Barone\" \/>\n<meta property=\"article:modified_time\" content=\"2018-12-11T09:30:41+00:00\" \/>\n<meta name=\"twitter:card\" content=\"summary_large_image\" \/>\n<meta name=\"twitter:label1\" content=\"Est. reading time\" \/>\n\t<meta name=\"twitter:data1\" content=\"1 minute\" \/>\n<script type=\"application\/ld+json\" class=\"yoast-schema-graph\">{\"@context\":\"https:\\\/\\\/schema.org\",\"@graph\":[{\"@type\":\"WebPage\",\"@id\":\"https:\\\/\\\/cantinebarone.it\\\/de\\\/contatti\\\/\",\"url\":\"https:\\\/\\\/cantinebarone.it\\\/de\\\/contatti\\\/\",\"name\":\"Kontakt - Cantine Barone\",\"isPartOf\":{\"@id\":\"https:\\\/\\\/cantinebarone.it\\\/#website\"},\"datePublished\":\"2018-11-27T12:25:18+00:00\",\"dateModified\":\"2018-12-11T09:30:41+00:00\",\"breadcrumb\":{\"@id\":\"https:\\\/\\\/cantinebarone.it\\\/de\\\/contatti\\\/#breadcrumb\"},\"inLanguage\":\"de-DE\",\"potentialAction\":[{\"@type\":\"ReadAction\",\"target\":[\"https:\\\/\\\/cantinebarone.it\\\/de\\\/contatti\\\/\"]}]},{\"@type\":\"BreadcrumbList\",\"@id\":\"https:\\\/\\\/cantinebarone.it\\\/de\\\/contatti\\\/#breadcrumb\",\"itemListElement\":[{\"@type\":\"ListItem\",\"position\":1,\"name\":\"Home\",\"item\":\"https:\\\/\\\/cantinebarone.it\\\/de\\\/\"},{\"@type\":\"ListItem\",\"position\":2,\"name\":\"Kontakt\"}]},{\"@type\":\"WebSite\",\"@id\":\"https:\\\/\\\/cantinebarone.it\\\/#website\",\"url\":\"https:\\\/\\\/cantinebarone.it\\\/\",\"name\":\"Cantine Barone\",\"description\":\"Ogni Male Stuta\",\"potentialAction\":[{\"@type\":\"SearchAction\",\"target\":{\"@type\":\"EntryPoint\",\"urlTemplate\":\"https:\\\/\\\/cantinebarone.it\\\/?s={search_term_string}\"},\"query-input\":{\"@type\":\"PropertyValueSpecification\",\"valueRequired\":true,\"valueName\":\"search_term_string\"}}],\"inLanguage\":\"de-DE\"}]}<\/script>\n<!-- \/ Yoast SEO plugin. -->","yoast_head_json":{"title":"Kontakt - Cantine Barone","robots":{"index":"index","follow":"follow","max-snippet":"max-snippet:-1","max-image-preview":"max-image-preview:large","max-video-preview":"max-video-preview:-1"},"canonical":"https:\/\/cantinebarone.it\/de\/contatti\/","og_locale":"de_DE","og_type":"article","og_title":"Kontakt - Cantine Barone","og_description":"[vc_row full_width=&#8221;stretch_row&#8221; css=&#8221;.vc_custom_1458720332308{padding-top: 90px !important;padding-bottom: 0px !important;background-color: #000000 !important;}&#8221;][vc_column width=&#8221;1\/2&#8243;][\/vc_column][vc_column width=&#8221;1\/2&#8243;][\/vc_column][\/vc_row]","og_url":"https:\/\/cantinebarone.it\/de\/contatti\/","og_site_name":"Cantine Barone","article_modified_time":"2018-12-11T09:30:41+00:00","twitter_card":"summary_large_image","twitter_misc":{"Est. reading time":"1 minute"},"schema":{"@context":"https:\/\/schema.org","@graph":[{"@type":"WebPage","@id":"https:\/\/cantinebarone.it\/de\/contatti\/","url":"https:\/\/cantinebarone.it\/de\/contatti\/","name":"Kontakt - Cantine Barone","isPartOf":{"@id":"https:\/\/cantinebarone.it\/#website"},"datePublished":"2018-11-27T12:25:18+00:00","dateModified":"2018-12-11T09:30:41+00:00","breadcrumb":{"@id":"https:\/\/cantinebarone.it\/de\/contatti\/#breadcrumb"},"inLanguage":"de-DE","potentialAction":[{"@type":"ReadAction","target":["https:\/\/cantinebarone.it\/de\/contatti\/"]}]},{"@type":"BreadcrumbList","@id":"https:\/\/cantinebarone.it\/de\/contatti\/#breadcrumb","itemListElement":[{"@type":"ListItem","position":1,"name":"Home","item":"https:\/\/cantinebarone.it\/de\/"},{"@type":"ListItem","position":2,"name":"Kontakt"}]},{"@type":"WebSite","@id":"https:\/\/cantinebarone.it\/#website","url":"https:\/\/cantinebarone.it\/","name":"Cantine Barone","description":"Ogni Male Stuta","potentialAction":[{"@type":"SearchAction","target":{"@type":"EntryPoint","urlTemplate":"https:\/\/cantinebarone.it\/?s={search_term_string}"},"query-input":{"@type":"PropertyValueSpecification","valueRequired":true,"valueName":"search_term_string"}}],"inLanguage":"de-DE"}]}},"_links":{"self":[{"href":"https:\/\/cantinebarone.it\/de\/wp-json\/wp\/v2\/pages\/2318","targetHints":{"allow":["GET"]}}],"collection":[{"href":"https:\/\/cantinebarone.it\/de\/wp-json\/wp\/v2\/pages"}],"about":[{"href":"https:\/\/cantinebarone.it\/de\/wp-json\/wp\/v2\/types\/page"}],"author":[{"embeddable":true,"href":"https:\/\/cantinebarone.it\/de\/wp-json\/wp\/v2\/users\/269"}],"replies":[{"embeddable":true,"href":"https:\/\/cantinebarone.it\/de\/wp-json\/wp\/v2\/comments?post=2318"}],"version-history":[{"count":6,"href":"https:\/\/cantinebarone.it\/de\/wp-json\/wp\/v2\/pages\/2318\/revisions"}],"predecessor-version":[{"id":2610,"href":"https:\/\/cantinebarone.it\/de\/wp-json\/wp\/v2\/pages\/2318\/revisions\/2610"}],"wp:attachment":[{"href":"https:\/\/cantinebarone.it\/de\/wp-json\/wp\/v2\/media?parent=2318"}],"curies":[{"name":"wp","href":"https:\/\/api.w.org\/{rel}","templated":true}]}}