

{"id":2343,"date":"2018-11-27T15:25:59","date_gmt":"2018-11-27T14:25:59","guid":{"rendered":"http:\/\/dev.lenuslab.com\/cantinebarone\/identita\/"},"modified":"2018-12-11T10:23:45","modified_gmt":"2018-12-11T09:23:45","slug":"identita","status":"publish","type":"page","link":"https:\/\/cantinebarone.it\/de\/identita\/","title":{"rendered":"Identit\u00e4t"},"content":{"rendered":"<div class=\"wpb-content-wrapper\"><p>[vc_row full_width=&#8221;stretch_row&#8221; css=&#8221;.vc_custom_1538829986046{padding-top: 120px !important;background-image: url(http:\/\/www.cantinebarone.it\/wp-content\/uploads\/2018\/10\/foto11-bntif.jpg?id=1845) !important;background-position: 0 0 !important;background-repeat: no-repeat !important;}&#8221; el_class=&#8221;gg-force-background-bottom&#8221;][vc_column width=&#8221;1\/2&#8243;][vc_empty_space height=&#8221;300px&#8221;][\/vc_column][\/vc_row][vc_row full_width=&#8221;stretch_row&#8221; css=&#8221;.vc_custom_1538832474894{padding-top: 120px !important;background-image: url(http:\/\/www.cantinebarone.it\/wp-content\/uploads\/2018\/10\/IMG_2408_BN.jpg?id=1879) !important;background-position: 0 0 !important;background-repeat: no-repeat !important;}&#8221; el_class=&#8221;gg-force-background-bottom&#8221;][vc_column width=&#8221;1\/2&#8243;][vc_column_text]<\/p>\n<h2 id=\"tw-target-text\" class=\"tw-data-text tw-ta tw-text-small\" dir=\"ltr\" data-placeholder=\"Traduzione\"><span lang=\"de\">Unsere geschichte <\/span><\/h2>\n<p class=\"tw-data-text tw-ta tw-text-small\" dir=\"ltr\" data-placeholder=\"Traduzione\"><span lang=\"de\">Wir bescheidenen Bef\u00fcrworter eines Landes, das alte Weisheit und die Suche nach einer n\u00fctzlichen Innovation enth\u00e4lt. In diesem Szenario leben und arbeiten wir selbst, die Barone Winery Farm, die 2004 von Giuseppe Di Fiore, Francesco Barone und Perrella gegr\u00fcndet wurde. Wo wir mit einem umfassenden und tiefgreifenden Umbau eines Sozialkellers neben uns auch eine Struktur bereitstellen, die viele Besucher begr\u00fc\u00dfen kann, mit der M\u00f6glichkeit, die Frucht unserer immensen Leidenschaft f\u00fcr unsere vielf\u00e4ltigen Produkte zu bewundern unser qu\u00e4lendes und geliebtes Land. <\/span><\/p>\n<p>[\/vc_column_text][\/vc_column][vc_column width=&#8221;1\/2&#8243;]\n\t<div class=\"title-subtitle-box \" style=\" padding: 90px 0 0 0px; text-align: center;\">\n\t\t<p style=\"\">OGNI MALE STUTA<\/p>\n\t\t<h1 style=\" font-weight: normal;\" >Il claim della nostra azienda incarna le prerogative che ci appartengono<\/h1>\n\t<\/div> [\/vc_column][\/vc_row][vc_row full_width=&#8221;stretch_row&#8221; disable_element=&#8221;yes&#8221; css=&#8221;.vc_custom_1538830032064{background-image: url(http:\/\/okthemes.com\/villenoirdemo\/wp-content\/uploads\/2016\/03\/our-story-back-image-2-11-17.jpg?id=1061) !important;background-position: 0 0 !important;background-repeat: no-repeat !important;}&#8221; el_class=&#8221;gg-force-background-bottom-no-cover&#8221;][vc_column width=&#8221;1\/3&#8243;][\/vc_column][vc_column width=&#8221;1\/3&#8243; css=&#8221;.vc_custom_1458310150528{padding-right: 5% !important;padding-left: 5% !important;}&#8221;]\n\t<div class=\"title-subtitle-box \" style=\" text-align: left;\">\n\t\t<p style=\"\">History<\/p>\n\t<\/div> [vc_column_text]Lorem ipsum dolor sit amet, consectetur adipiscing elit. Curabitur sit amet elit leo. Lorem ipsum dolor sit amet, consectetur adipiscing elit. Donec vulputate nibh et nulla hendrerit, ut condimentum odio porttitor.[\/vc_column_text][\/vc_column][vc_column width=&#8221;1\/3&#8243;]\n\t<div class=\"title-subtitle-box \" style=\" text-align: left;\">\n\t\t<p style=\"\">Results<\/p>\n\t<\/div> [vc_column_text]Suspendisse commodo ex eget lorem iaculis, vel ultrices neque sodales. Sed bibendum egestas felis, commodo mattis ligula. Mauris aliquam lacus id hendrerit venenatis. Quisque dignissim mi ut dictum gravida.[\/vc_column_text]\n\t<div class=\"title-subtitle-box \" style=\" padding: 25px 0 0 0px; text-align: left;\">\n\t\t<p style=\"\">Vision<\/p>\n\t<\/div> [vc_column_text]Duis sit amet ex sit amet tortor posuere posuere. Mauris sodales rutrum tincidunt. Donec non massa ullamcorper, volutpat ex ac, volutpat libero. Morbi vel metus fermentum augue lacinia maximus sit amet ut dolor.[\/vc_column_text][vc_column_text]<strong>Duis sit amet ex sit amet tortor posuere posuere. Mauris sodales rutrum tincidunt.\u00a0<\/strong>[\/vc_column_text][\/vc_column][\/vc_row][vc_row full_width=&#8221;stretch_row&#8221; css=&#8221;.vc_custom_1460974692501{background-color: #f1f1f1 !important;}&#8221;][vc_column]\n\t<div class=\"title-subtitle-box \" style=\" margin-bottom:90px; text-align: left;\">\n\t\t<p style=\"\">Cantine Barone<\/p>\n\t\t<h1 style=\" font-weight: normal;\" >Our Timeline<\/h1>\n\t<\/div> <section id=\"cd-timeline\" class=\"cd-container horizontal\">\n\t<div class=\"cd-timeline-block\">\n\t\t<div class=\"cd-timeline-img cd-picture\">\n\t\t<img decoding=\"async\" src=\"https:\/\/cantinebarone.it\/wp-content\/themes\/villenoir\/images\/cd-icon-location.svg\" alt=\"Location\">\n\t\t<\/div>\n\t\t<div class=\"cd-timeline-content\">\n\t\t <img decoding=\"async\" class=\"wp-post-image \" src=\"https:\/\/cantinebarone.it\/wp-content\/uploads\/2018\/11\/cantina-sociale.jpe\" alt=\"vecchia cantina sociale cilentana\" \/> \n\t\t<div class=\"cd-timeline-content-wrapper\">\n\t\t<p class=\"cd-title\">Renovierung der alten Cantina Sociale del Cilento<\/p>\n\t\t<p>Von hier aus greift unsere Zukunft. Mit Freude und Leidenschaft f\u00fcr dieses Land voller Geschichte und Tradition haben wir dieses Jahr den Weg eingeschlagen, der uns auf die Suche nach dem Guten und dem Ganzen f\u00fchrt, das dieses Gebiet am besten durch unsere Produkte ausdr\u00fccken kann.<\/p>\n\t\t<h4 class=\"cd-date\">2003<\/h4>\n\t\t<\/div>\n\t\t<\/div>\n\t<\/div>\n\t<div class=\"cd-timeline-block\">\n\t\t<div class=\"cd-timeline-img cd-picture\">\n\t\t<img decoding=\"async\" src=\"https:\/\/cantinebarone.it\/wp-content\/themes\/villenoir\/images\/cd-icon-location.svg\" alt=\"Location\">\n\t\t<\/div>\n\t\t<div class=\"cd-timeline-content\">\n\t\t <img decoding=\"async\" class=\"wp-post-image \" src=\"https:\/\/cantinebarone.it\/wp-content\/uploads\/2018\/11\/francesco-barone-e-giuseppe-di-fiore.jpg\" alt=\"francesco barone e giuseppe di fiore\" \/> \n\t\t<div class=\"cd-timeline-content-wrapper\">\n\t\t<p class=\"cd-title\"> Barone Winery Agricultural Society Foundation<\/p>\n\t\t<p><br \/>\nAus der Vereinigung der Leidenschaft f\u00fcr die Welt des Weins und dem Wunsch, bekannt zu machen, wie unser Cilento-Gebiet hervorragende Produkte anbieten kann, entsteht unsere Familie, in der Tradition und Innovation verwurzelt sind.<\/p>\n\t\t<h4 class=\"cd-date\">2004<\/h4>\n\t\t<\/div>\n\t\t<\/div>\n\t<\/div>\n\t<div class=\"cd-timeline-block\">\n\t\t<div class=\"cd-timeline-img cd-picture\">\n\t\t<img decoding=\"async\" src=\"https:\/\/cantinebarone.it\/wp-content\/themes\/villenoir\/images\/cd-icon-location.svg\" alt=\"Location\">\n\t\t<\/div>\n\t\t<div class=\"cd-timeline-content\">\n\t\t <img decoding=\"async\" class=\"wp-post-image \" src=\"https:\/\/cantinebarone.it\/wp-content\/uploads\/2018\/11\/vigneto-cantine-barone.jpg\" alt=\"vigneto cantine barone\" \/> \n\t\t<div class=\"cd-timeline-content-wrapper\">\n\t\t<p class=\"cd-title\"> Neuinstallationen<\/p>\n\t\t<p>Wir befinden uns im Herzen von Cilento, einem Gebiet, das unseren Weinbergen gro\u00dfe Ausdrucksm\u00f6glichkeiten bietet.<\/p>\n\t\t<h4 class=\"cd-date\">2004<\/h4>\n\t\t<\/div>\n\t\t<\/div>\n\t<\/div>\n\t<div class=\"cd-timeline-block\">\n\t\t<div class=\"cd-timeline-img cd-picture\">\n\t\t<img decoding=\"async\" src=\"https:\/\/cantinebarone.it\/wp-content\/themes\/villenoir\/images\/cd-icon-location.svg\" alt=\"Location\">\n\t\t<\/div>\n\t\t<div class=\"cd-timeline-content\">\n\t\t <img decoding=\"async\" class=\"wp-post-image \" src=\"https:\/\/cantinebarone.it\/wp-content\/uploads\/2018\/11\/difiore-barone-mercurio.jpg\" alt=\"Di Fiore - Barone - Mercurio\" \/> \n\t\t<div class=\"cd-timeline-content-wrapper\">\n\t\t<p class=\"cd-title\"> Starten Sie die Zusammenarbeit mit Winemaker Vincenzo Mercurio<\/p>\n\t\t<p>Der Beginn der Zusammenarbeit mit dem talentierten Enologen Vincenzo Mercurio erm\u00f6glicht es uns, unsere gemeinsame Absicht in die Tat umzusetzen: ``Das Territorium zu betreten, erf\u00fcllt von seinen Stimmungen und Traditionen, um sie in Wein umzusetzen``.<\/p>\n\t\t<h4 class=\"cd-date\">2006<\/h4>\n\t\t<\/div>\n\t\t<\/div>\n\t<\/div><\/section>[\/vc_column][\/vc_row]<\/p>\n<\/div>","protected":false},"excerpt":{"rendered":"<p>[vc_row full_width=&#8221;stretch_row&#8221; css=&#8221;.vc_custom_1538829986046{padding-top: 120px !important;background-image: url(http:\/\/www.cantinebarone.it\/wp-content\/uploads\/2018\/10\/foto11-bntif.jpg?id=1845) !important;background-position: 0 0 !important;background-repeat: no-repeat !important;}&#8221; el_class=&#8221;gg-force-background-bottom&#8221;][vc_column width=&#8221;1\/2&#8243;][vc_empty_space height=&#8221;300px&#8221;][\/vc_column][\/vc_row][vc_row full_width=&#8221;stretch_row&#8221; css=&#8221;.vc_custom_1538832474894{padding-top: 120px !important;background-image: url(http:\/\/www.cantinebarone.it\/wp-content\/uploads\/2018\/10\/IMG_2408_BN.jpg?id=1879) !important;background-position: 0 0 !important;background-repeat: no-repeat !important;}&#8221; el_class=&#8221;gg-force-background-bottom&#8221;][vc_column width=&#8221;1\/2&#8243;][vc_column_text] Unsere geschichte Wir bescheidenen Bef\u00fcrworter eines Landes, das alte Weisheit und die Suche nach einer n\u00fctzlichen Innovation enth\u00e4lt. In diesem Szenario leben und arbeiten wir selbst, die<br class=\"read-more-spacer\"> <a class=\"more-link\" href=\"https:\/\/cantinebarone.it\/de\/identita\/\">Read More<\/a><\/p>\n","protected":false},"author":269,"featured_media":0,"parent":0,"menu_order":0,"comment_status":"closed","ping_status":"closed","template":"","meta":{"footnotes":""},"class_list":["post-2343","page","type-page","status-publish","hentry"],"yoast_head":"<!-- This site is optimized with the Yoast SEO plugin v27.3 - https:\/\/yoast.com\/product\/yoast-seo-wordpress\/ -->\n<title>Identit\u00e4t - Cantine Barone<\/title>\n<meta name=\"robots\" content=\"index, follow, max-snippet:-1, max-image-preview:large, max-video-preview:-1\" \/>\n<link rel=\"canonical\" href=\"https:\/\/cantinebarone.it\/de\/identita\/\" \/>\n<meta property=\"og:locale\" content=\"de_DE\" \/>\n<meta property=\"og:type\" content=\"article\" \/>\n<meta property=\"og:title\" content=\"Identit\u00e4t - Cantine Barone\" \/>\n<meta property=\"og:description\" content=\"[vc_row full_width=&#8221;stretch_row&#8221; css=&#8221;.vc_custom_1538829986046{padding-top: 120px !important;background-image: url(http:\/\/www.cantinebarone.it\/wp-content\/uploads\/2018\/10\/foto11-bntif.jpg?id=1845) !important;background-position: 0 0 !important;background-repeat: no-repeat !important;}&#8221; el_class=&#8221;gg-force-background-bottom&#8221;][vc_column width=&#8221;1\/2&#8243;][vc_empty_space height=&#8221;300px&#8221;][\/vc_column][\/vc_row][vc_row full_width=&#8221;stretch_row&#8221; css=&#8221;.vc_custom_1538832474894{padding-top: 120px !important;background-image: url(http:\/\/www.cantinebarone.it\/wp-content\/uploads\/2018\/10\/IMG_2408_BN.jpg?id=1879) !important;background-position: 0 0 !important;background-repeat: no-repeat !important;}&#8221; el_class=&#8221;gg-force-background-bottom&#8221;][vc_column width=&#8221;1\/2&#8243;][vc_column_text] Unsere geschichte Wir bescheidenen Bef\u00fcrworter eines Landes, das alte Weisheit und die Suche nach einer n\u00fctzlichen Innovation enth\u00e4lt. In diesem Szenario leben und arbeiten wir selbst, die Read More\" \/>\n<meta property=\"og:url\" content=\"https:\/\/cantinebarone.it\/de\/identita\/\" \/>\n<meta property=\"og:site_name\" content=\"Cantine Barone\" \/>\n<meta property=\"article:modified_time\" content=\"2018-12-11T09:23:45+00:00\" \/>\n<meta name=\"twitter:card\" content=\"summary_large_image\" \/>\n<meta name=\"twitter:label1\" content=\"Est. reading time\" \/>\n\t<meta name=\"twitter:data1\" content=\"3 minutes\" \/>\n<script type=\"application\/ld+json\" class=\"yoast-schema-graph\">{\"@context\":\"https:\\\/\\\/schema.org\",\"@graph\":[{\"@type\":\"WebPage\",\"@id\":\"https:\\\/\\\/cantinebarone.it\\\/de\\\/identita\\\/\",\"url\":\"https:\\\/\\\/cantinebarone.it\\\/de\\\/identita\\\/\",\"name\":\"Identit\u00e4t - Cantine Barone\",\"isPartOf\":{\"@id\":\"https:\\\/\\\/cantinebarone.it\\\/#website\"},\"datePublished\":\"2018-11-27T14:25:59+00:00\",\"dateModified\":\"2018-12-11T09:23:45+00:00\",\"breadcrumb\":{\"@id\":\"https:\\\/\\\/cantinebarone.it\\\/de\\\/identita\\\/#breadcrumb\"},\"inLanguage\":\"de-DE\",\"potentialAction\":[{\"@type\":\"ReadAction\",\"target\":[\"https:\\\/\\\/cantinebarone.it\\\/de\\\/identita\\\/\"]}]},{\"@type\":\"BreadcrumbList\",\"@id\":\"https:\\\/\\\/cantinebarone.it\\\/de\\\/identita\\\/#breadcrumb\",\"itemListElement\":[{\"@type\":\"ListItem\",\"position\":1,\"name\":\"Home\",\"item\":\"https:\\\/\\\/cantinebarone.it\\\/de\\\/\"},{\"@type\":\"ListItem\",\"position\":2,\"name\":\"Identit\u00e4t\"}]},{\"@type\":\"WebSite\",\"@id\":\"https:\\\/\\\/cantinebarone.it\\\/#website\",\"url\":\"https:\\\/\\\/cantinebarone.it\\\/\",\"name\":\"Cantine Barone\",\"description\":\"Ogni Male Stuta\",\"potentialAction\":[{\"@type\":\"SearchAction\",\"target\":{\"@type\":\"EntryPoint\",\"urlTemplate\":\"https:\\\/\\\/cantinebarone.it\\\/?s={search_term_string}\"},\"query-input\":{\"@type\":\"PropertyValueSpecification\",\"valueRequired\":true,\"valueName\":\"search_term_string\"}}],\"inLanguage\":\"de-DE\"}]}<\/script>\n<!-- \/ Yoast SEO plugin. -->","yoast_head_json":{"title":"Identit\u00e4t - Cantine Barone","robots":{"index":"index","follow":"follow","max-snippet":"max-snippet:-1","max-image-preview":"max-image-preview:large","max-video-preview":"max-video-preview:-1"},"canonical":"https:\/\/cantinebarone.it\/de\/identita\/","og_locale":"de_DE","og_type":"article","og_title":"Identit\u00e4t - Cantine Barone","og_description":"[vc_row full_width=&#8221;stretch_row&#8221; css=&#8221;.vc_custom_1538829986046{padding-top: 120px !important;background-image: url(http:\/\/www.cantinebarone.it\/wp-content\/uploads\/2018\/10\/foto11-bntif.jpg?id=1845) !important;background-position: 0 0 !important;background-repeat: no-repeat !important;}&#8221; el_class=&#8221;gg-force-background-bottom&#8221;][vc_column width=&#8221;1\/2&#8243;][vc_empty_space height=&#8221;300px&#8221;][\/vc_column][\/vc_row][vc_row full_width=&#8221;stretch_row&#8221; css=&#8221;.vc_custom_1538832474894{padding-top: 120px !important;background-image: url(http:\/\/www.cantinebarone.it\/wp-content\/uploads\/2018\/10\/IMG_2408_BN.jpg?id=1879) !important;background-position: 0 0 !important;background-repeat: no-repeat !important;}&#8221; el_class=&#8221;gg-force-background-bottom&#8221;][vc_column width=&#8221;1\/2&#8243;][vc_column_text] Unsere geschichte Wir bescheidenen Bef\u00fcrworter eines Landes, das alte Weisheit und die Suche nach einer n\u00fctzlichen Innovation enth\u00e4lt. In diesem Szenario leben und arbeiten wir selbst, die Read More","og_url":"https:\/\/cantinebarone.it\/de\/identita\/","og_site_name":"Cantine Barone","article_modified_time":"2018-12-11T09:23:45+00:00","twitter_card":"summary_large_image","twitter_misc":{"Est. reading time":"3 minutes"},"schema":{"@context":"https:\/\/schema.org","@graph":[{"@type":"WebPage","@id":"https:\/\/cantinebarone.it\/de\/identita\/","url":"https:\/\/cantinebarone.it\/de\/identita\/","name":"Identit\u00e4t - Cantine Barone","isPartOf":{"@id":"https:\/\/cantinebarone.it\/#website"},"datePublished":"2018-11-27T14:25:59+00:00","dateModified":"2018-12-11T09:23:45+00:00","breadcrumb":{"@id":"https:\/\/cantinebarone.it\/de\/identita\/#breadcrumb"},"inLanguage":"de-DE","potentialAction":[{"@type":"ReadAction","target":["https:\/\/cantinebarone.it\/de\/identita\/"]}]},{"@type":"BreadcrumbList","@id":"https:\/\/cantinebarone.it\/de\/identita\/#breadcrumb","itemListElement":[{"@type":"ListItem","position":1,"name":"Home","item":"https:\/\/cantinebarone.it\/de\/"},{"@type":"ListItem","position":2,"name":"Identit\u00e4t"}]},{"@type":"WebSite","@id":"https:\/\/cantinebarone.it\/#website","url":"https:\/\/cantinebarone.it\/","name":"Cantine Barone","description":"Ogni Male Stuta","potentialAction":[{"@type":"SearchAction","target":{"@type":"EntryPoint","urlTemplate":"https:\/\/cantinebarone.it\/?s={search_term_string}"},"query-input":{"@type":"PropertyValueSpecification","valueRequired":true,"valueName":"search_term_string"}}],"inLanguage":"de-DE"}]}},"_links":{"self":[{"href":"https:\/\/cantinebarone.it\/de\/wp-json\/wp\/v2\/pages\/2343","targetHints":{"allow":["GET"]}}],"collection":[{"href":"https:\/\/cantinebarone.it\/de\/wp-json\/wp\/v2\/pages"}],"about":[{"href":"https:\/\/cantinebarone.it\/de\/wp-json\/wp\/v2\/types\/page"}],"author":[{"embeddable":true,"href":"https:\/\/cantinebarone.it\/de\/wp-json\/wp\/v2\/users\/269"}],"replies":[{"embeddable":true,"href":"https:\/\/cantinebarone.it\/de\/wp-json\/wp\/v2\/comments?post=2343"}],"version-history":[{"count":10,"href":"https:\/\/cantinebarone.it\/de\/wp-json\/wp\/v2\/pages\/2343\/revisions"}],"predecessor-version":[{"id":2607,"href":"https:\/\/cantinebarone.it\/de\/wp-json\/wp\/v2\/pages\/2343\/revisions\/2607"}],"wp:attachment":[{"href":"https:\/\/cantinebarone.it\/de\/wp-json\/wp\/v2\/media?parent=2343"}],"curies":[{"name":"wp","href":"https:\/\/api.w.org\/{rel}","templated":true}]}}