

{"id":2349,"date":"2018-11-27T15:27:34","date_gmt":"2018-11-27T14:27:34","guid":{"rendered":"http:\/\/dev.lenuslab.com\/cantinebarone\/privacy\/"},"modified":"2018-11-27T15:27:34","modified_gmt":"2018-11-27T14:27:34","slug":"privacy","status":"publish","type":"page","link":"https:\/\/cantinebarone.it\/en\/privacy\/","title":{"rendered":"Privacy"},"content":{"rendered":"<h1>Informativa privacy ex D.lgs.196\/03 e Regolamento UE nr. 679\/2016 (&#8220;GDPR&#8221;)<\/h1>\n<p>RISTAL SAS tutela la riservatezza dei dati personali e garantisce ad essi la protezione necessaria da ogni evento che possa metterli a rischio di violazione.<\/p>\n<p>Come previsto dal Regolamento dell\u2019Unione Europea n. 679\/2016 (\u201cGDPR\u201d), ed in particolare all\u2019art. 13, qui di seguito si forniscono agli utenti interessati le informazioni richieste dalla legge relative al trattamento dei propri dati personali.<\/p>\n<h2>Tutela dei dati personali<\/h2>\n<p>Le attivit\u00e0 poste in essere in rete sul sito \u201c<em>www.cantinebarone.it<\/em>\u201d sono realizzate nel pieno rispetto delle norme internazionali, comunitarie e nazionali in tema di privacy e data protection.<\/p>\n<p>Oltre a quanto pubblicato nella presente pagina, possono essere richiesti chiarimenti in proposito direttamente agli uffici RISTAL SAS e per esso al suo titolare, ai seguenti recapiti: Telefono 0974-830463 \u2013 E-mail <a href=\"mailto:info@cantinebarone.it\">info@cantinebarone.it<\/a><\/p>\n<h2>Raccolta e utilizzo dei dati personali<\/h2>\n<p>Nel pieno rispetto di quanto disposto dal Regolamento dell\u2019Unione Europea n. 679\/2016, si rappresenta che RISTAL SAS raccoglie dati personali esclusivamente a seguito di consenso espresso dai propri clienti. Il trattamento compiuto sui dati personali forniti pu\u00f2 comprendere le seguenti attivit\u00e0: raccolta, registrazione, organizzazione, conservazione, elaborazione, modificazione, comunicazione, cancellazione e distruzione (le elencazioni di tali attivit\u00e0 viene riprodotta a fini meramente esemplificativi). La finalit\u00e0 del trattamento \u00e8 esclusivamente quella di poter erogare le prestazioni di servizi proposti e di consentirne la necessaria gestione. Le informazioni verranno raccolte tramite i moduli di adesione, che sono sottoscritti da ogni cliente e conservati secondo quanto indicato dalle disposizioni di legge vigente.<\/p>\n<p>Ai sensi del Regolamento dell\u2019Unione Europea n. 679\/2016, i dati personali oggetto di trattamento sono:<\/p>\n<ol>\n<li>a) trattati in modo lecito, corretto e trasparente nei confronti dell\u2019interessato (\u00abliceit\u00e0, correttezza e trasparenza\u00bb);<\/li>\n<li>b) raccolti per finalit\u00e0 determinate, esplicite e legittime, e successivamente trattati in modo che non sia incompatibile con tali finalit\u00e0; un ulteriore trattamento dei dati personali a fini di archiviazione nel pubblico interesse, di ricerca scientifica o storica o a fini statistici non \u00e8, conformemente all\u2019articolo 89, paragrafo 1, considerato incompatibile con le finalit\u00e0 iniziali (\u00ablimitazione della finalit\u00e0\u00bb);<\/li>\n<li>c) adeguati, pertinenti e limitati a quanto necessario rispetto alle finalit\u00e0 per le quali sono trattati (\u00abminimizzazione dei dati\u00bb);<\/li>\n<li>d) esatti e, se necessario, aggiornati; devono essere adottate tutte le misure ragionevoli per cancellare o rettificare tempestivamente i dati inesatti rispetto alle finalit\u00e0 per le quali sono trattati (\u00abesattezza\u00bb);<\/li>\n<li>e) conservati in una forma che consenta l\u2019identificazione degli interessati per un arco di tempo non superiore al conseguimento delle finalit\u00e0 per le quali sono trattati; i dati personali possono essere conservati per periodi pi\u00f9 lunghi a condizione che siano trattati esclusivamente a fini di archiviazione nel pubblico interesse, di ricerca scientifica o storica o a fini statistici, conformemente all\u2019articolo 89, paragrafo 1, fatta salva l\u2019attuazione di misure tecniche e organizzative adeguate richieste dal presente regolamento a tutela dei diritti e delle libert\u00e0 dell\u2019interessato (\u00ablimitazione della conservazione\u00bb);<\/li>\n<li>f) trattati in maniera da garantire un\u2019adeguata sicurezza dei dati personali, compresa la protezione, mediante misure tecniche e organizzative adeguate, da trattamenti non autorizzati o illeciti e dalla perdita, dalla distruzione o dal danno accidentali (\u00abintegrit\u00e0 e riservatezza\u00bb).<\/li>\n<\/ol>\n<p>RISTAL SAS richiede il consenso espresso dell\u2019interessato anche all\u2019utilizzo dei dati per finalit\u00e0 diverse da quelle precedentemente indicate, quali l\u2019invio di materiale pubblicitario, l\u2019invio di informazioni commerciali, l\u2019inserimento in servizi di newsletter, l\u2019elaborazione di ricerche di mercato, l\u2019elaborazione di statistiche.<\/p>\n<h2>Sicurezza nella trasmissione dei dati<\/h2>\n<p>RISTAL SAS ha posto in essere le necessarie misure fisiche ed elettroniche per tutelare la riservatezza e assicurare la sicurezza delle informazioni fornite da clienti e utenti.<\/p>\n<p>Tali misure, adottate ai sensi del Regolamento dell\u2019Unione Europea n. 679\/2016, sono atte a tutelare la documentazione cartacea e quella elettronica fornita da chiunque abbia rapporti.<\/p>\n<p>Le misure fisiche ed elettroniche saranno costantemente aggiornate, in osservanza di quanto disposto dal succitato Regolamento.<\/p>\n<h2>Diritti degli interessati e accesso ai dati<\/h2>\n<p>L\u2019art. 15 del Regolamento dell\u2019Unione Europea n. 679\/2016 stabilisce che l\u2019interessato ha il diritto di ottenere dal titolare del trattamento la conferma che sia o meno in corso un trattamento di dati personali che lo riguardano e in tal caso, di ottenere l\u2019accesso ai dati personali e alle seguenti informazioni:<\/p>\n<ol>\n<li>a) le finalit\u00e0 del trattamento;<\/li>\n<li>b) le categorie di dati personali in questione;<\/li>\n<li>c) i destinatari o le categorie di destinatari a cui i dati personali sono stati o saranno comunicati, in particolare se destinatari di paesi terzi o organizzazioni internazionali;<\/li>\n<li>d) quando possibile, il periodo di conservazione dei dati personali previsto oppure, se non \u00e8 possibile, i criteri utilizzati per determinare tale periodo;<\/li>\n<li>e) l\u2019esistenza del diritto dell\u2019interessato di chiedere al titolare del trattamento la rettifica o la cancellazione dei dati personali o la limitazione del trattamento dei dati personali che lo riguardano o di opporsi al loro trattamento;<\/li>\n<li>f) il diritto di proporre reclamo a un\u2019autorit\u00e0 di controllo;<\/li>\n<li>g) qualora i dati non siano raccolti presso l\u2019interessato, tutte le informazioni disponibili sulla loro origine;<\/li>\n<li>h) l\u2019esistenza di un processo decisionale automatizzato, compresa la profilazione di cui all\u2019articolo 22, paragrafi 1 e 4, e, almeno in tali casi, informazioni significative sulla logica utilizzata, nonch\u00e9 l\u2019importanza e le conseguenze previste di tale trattamento per l\u2019interessato.<\/li>\n<\/ol>\n<p>In forza dell\u2019art. 16 del Regolamento dell\u2019Unione Europea n. 679\/2016 l\u2019interessato ha altres\u00ec il diritto di ottenere dal titolare del trattamento la rettifica dei dati personali inesatti che lo riguardano senza ritardo. Tenuto conto delle finalit\u00e0 del trattamento, l\u2019interessato ha il diritto di ottenere l\u2019integrazione dei dati personali incompleti, anche fornendo una dichiarazione integrativa.<\/p>\n<h2>Esercizio e modalit\u00e0 dell&#8217;esercizio dei diritti<\/h2>\n<p>I diritti innanzi indicati sono esercitati dagli interessati con richiesta rivolta senza formalit\u00e0 al titolare del trattamento.<\/p>\n<p>RISTAL SAS si impegna a fornire idoneo riscontro senza ritardo ad ogni richiesta che dovesse essere formulata.<\/p>\n<p>Detta istanza va inoltrata mediante lettera raccomandata, fax o posta elettronica.<\/p>\n<p>RISTAL SAS si impegna a rispondere tempestivamente ad ogni messaggio che dovesse essere inviato all\u2019indirizzo Via Giardino,2 84070 Rutino (SA).<\/p>\n<h2>Titolare e Responsabile del trattamento<\/h2>\n<p>In conformit\u00e0 al del Regolamento dell\u2019Unione Europea n. 679\/2016, si informa che il titolare e il responsabile del trattamento dei dati personali \u00e8 Avenia Enrichetta.<\/p>\n","protected":false},"excerpt":{"rendered":"<p>Informativa privacy ex D.lgs.196\/03 e Regolamento UE nr. 679\/2016 (&#8220;GDPR&#8221;) RISTAL SAS tutela la riservatezza dei dati personali e garantisce ad essi la protezione necessaria da ogni evento che possa metterli a rischio di violazione. Come previsto dal Regolamento dell\u2019Unione Europea n. 679\/2016 (\u201cGDPR\u201d), ed in particolare all\u2019art. 13, qui di seguito si forniscono agli<br class=\"read-more-spacer\"> <a class=\"more-link\" href=\"https:\/\/cantinebarone.it\/en\/privacy\/\">Read More<\/a><\/p>\n","protected":false},"author":269,"featured_media":0,"parent":0,"menu_order":0,"comment_status":"closed","ping_status":"closed","template":"","meta":{"footnotes":""},"class_list":["post-2349","page","type-page","status-publish","hentry"],"yoast_head":"<!-- This site is optimized with the Yoast SEO plugin v27.3 - https:\/\/yoast.com\/product\/yoast-seo-wordpress\/ -->\n<title>Privacy - Cantine Barone<\/title>\n<meta name=\"robots\" content=\"index, follow, max-snippet:-1, max-image-preview:large, max-video-preview:-1\" \/>\n<link rel=\"canonical\" href=\"https:\/\/cantinebarone.it\/en\/privacy\/\" \/>\n<meta property=\"og:locale\" content=\"en_US\" \/>\n<meta property=\"og:type\" content=\"article\" \/>\n<meta property=\"og:title\" content=\"Privacy - Cantine Barone\" \/>\n<meta property=\"og:description\" content=\"Informativa privacy ex D.lgs.196\/03 e Regolamento UE nr. 679\/2016 (&#8220;GDPR&#8221;) RISTAL SAS tutela la riservatezza dei dati personali e garantisce ad essi la protezione necessaria da ogni evento che possa metterli a rischio di violazione. Come previsto dal Regolamento dell\u2019Unione Europea n. 679\/2016 (\u201cGDPR\u201d), ed in particolare all\u2019art. 13, qui di seguito si forniscono agli Read More\" \/>\n<meta property=\"og:url\" content=\"https:\/\/cantinebarone.it\/en\/privacy\/\" \/>\n<meta property=\"og:site_name\" content=\"Cantine Barone\" \/>\n<meta name=\"twitter:card\" content=\"summary_large_image\" \/>\n<meta name=\"twitter:label1\" content=\"Est. reading time\" \/>\n\t<meta name=\"twitter:data1\" content=\"5 minutes\" \/>\n<script type=\"application\/ld+json\" class=\"yoast-schema-graph\">{\"@context\":\"https:\\\/\\\/schema.org\",\"@graph\":[{\"@type\":\"WebPage\",\"@id\":\"https:\\\/\\\/cantinebarone.it\\\/en\\\/privacy\\\/\",\"url\":\"https:\\\/\\\/cantinebarone.it\\\/en\\\/privacy\\\/\",\"name\":\"Privacy - Cantine Barone\",\"isPartOf\":{\"@id\":\"https:\\\/\\\/cantinebarone.it\\\/#website\"},\"datePublished\":\"2018-11-27T14:27:34+00:00\",\"breadcrumb\":{\"@id\":\"https:\\\/\\\/cantinebarone.it\\\/en\\\/privacy\\\/#breadcrumb\"},\"inLanguage\":\"en-US\",\"potentialAction\":[{\"@type\":\"ReadAction\",\"target\":[\"https:\\\/\\\/cantinebarone.it\\\/en\\\/privacy\\\/\"]}]},{\"@type\":\"BreadcrumbList\",\"@id\":\"https:\\\/\\\/cantinebarone.it\\\/en\\\/privacy\\\/#breadcrumb\",\"itemListElement\":[{\"@type\":\"ListItem\",\"position\":1,\"name\":\"Home\",\"item\":\"https:\\\/\\\/cantinebarone.it\\\/\"},{\"@type\":\"ListItem\",\"position\":2,\"name\":\"Privacy\"}]},{\"@type\":\"WebSite\",\"@id\":\"https:\\\/\\\/cantinebarone.it\\\/#website\",\"url\":\"https:\\\/\\\/cantinebarone.it\\\/\",\"name\":\"Cantine Barone\",\"description\":\"Ogni Male Stuta\",\"potentialAction\":[{\"@type\":\"SearchAction\",\"target\":{\"@type\":\"EntryPoint\",\"urlTemplate\":\"https:\\\/\\\/cantinebarone.it\\\/?s={search_term_string}\"},\"query-input\":{\"@type\":\"PropertyValueSpecification\",\"valueRequired\":true,\"valueName\":\"search_term_string\"}}],\"inLanguage\":\"en-US\"}]}<\/script>\n<!-- \/ Yoast SEO plugin. -->","yoast_head_json":{"title":"Privacy - Cantine Barone","robots":{"index":"index","follow":"follow","max-snippet":"max-snippet:-1","max-image-preview":"max-image-preview:large","max-video-preview":"max-video-preview:-1"},"canonical":"https:\/\/cantinebarone.it\/en\/privacy\/","og_locale":"en_US","og_type":"article","og_title":"Privacy - Cantine Barone","og_description":"Informativa privacy ex D.lgs.196\/03 e Regolamento UE nr. 679\/2016 (&#8220;GDPR&#8221;) RISTAL SAS tutela la riservatezza dei dati personali e garantisce ad essi la protezione necessaria da ogni evento che possa metterli a rischio di violazione. Come previsto dal Regolamento dell\u2019Unione Europea n. 679\/2016 (\u201cGDPR\u201d), ed in particolare all\u2019art. 13, qui di seguito si forniscono agli Read More","og_url":"https:\/\/cantinebarone.it\/en\/privacy\/","og_site_name":"Cantine Barone","twitter_card":"summary_large_image","twitter_misc":{"Est. reading time":"5 minutes"},"schema":{"@context":"https:\/\/schema.org","@graph":[{"@type":"WebPage","@id":"https:\/\/cantinebarone.it\/en\/privacy\/","url":"https:\/\/cantinebarone.it\/en\/privacy\/","name":"Privacy - Cantine Barone","isPartOf":{"@id":"https:\/\/cantinebarone.it\/#website"},"datePublished":"2018-11-27T14:27:34+00:00","breadcrumb":{"@id":"https:\/\/cantinebarone.it\/en\/privacy\/#breadcrumb"},"inLanguage":"en-US","potentialAction":[{"@type":"ReadAction","target":["https:\/\/cantinebarone.it\/en\/privacy\/"]}]},{"@type":"BreadcrumbList","@id":"https:\/\/cantinebarone.it\/en\/privacy\/#breadcrumb","itemListElement":[{"@type":"ListItem","position":1,"name":"Home","item":"https:\/\/cantinebarone.it\/"},{"@type":"ListItem","position":2,"name":"Privacy"}]},{"@type":"WebSite","@id":"https:\/\/cantinebarone.it\/#website","url":"https:\/\/cantinebarone.it\/","name":"Cantine Barone","description":"Ogni Male Stuta","potentialAction":[{"@type":"SearchAction","target":{"@type":"EntryPoint","urlTemplate":"https:\/\/cantinebarone.it\/?s={search_term_string}"},"query-input":{"@type":"PropertyValueSpecification","valueRequired":true,"valueName":"search_term_string"}}],"inLanguage":"en-US"}]}},"_links":{"self":[{"href":"https:\/\/cantinebarone.it\/en\/wp-json\/wp\/v2\/pages\/2349","targetHints":{"allow":["GET"]}}],"collection":[{"href":"https:\/\/cantinebarone.it\/en\/wp-json\/wp\/v2\/pages"}],"about":[{"href":"https:\/\/cantinebarone.it\/en\/wp-json\/wp\/v2\/types\/page"}],"author":[{"embeddable":true,"href":"https:\/\/cantinebarone.it\/en\/wp-json\/wp\/v2\/users\/269"}],"replies":[{"embeddable":true,"href":"https:\/\/cantinebarone.it\/en\/wp-json\/wp\/v2\/comments?post=2349"}],"version-history":[{"count":0,"href":"https:\/\/cantinebarone.it\/en\/wp-json\/wp\/v2\/pages\/2349\/revisions"}],"wp:attachment":[{"href":"https:\/\/cantinebarone.it\/en\/wp-json\/wp\/v2\/media?parent=2349"}],"curies":[{"name":"wp","href":"https:\/\/api.w.org\/{rel}","templated":true}]}}