

{"id":2355,"date":"2018-11-27T15:29:02","date_gmt":"2018-11-27T14:29:02","guid":{"rendered":"http:\/\/dev.lenuslab.com\/cantinebarone\/termini\/"},"modified":"2018-12-07T10:12:29","modified_gmt":"2018-12-07T09:12:29","slug":"termini","status":"publish","type":"page","link":"https:\/\/cantinebarone.it\/en\/termini\/","title":{"rendered":"Terms"},"content":{"rendered":"<h2><strong>TERMINI E CONDIZIONI<\/strong><\/h2>\n<p>a.1 L\u2019accettazione dei Termini e delle Condizioni qui riportate costituisce un Contratto tra l\u2019acquirente e RISTAL srl per la compravendita dei prodotti elencati nel Catalogo on line del Sito\u00a0<a href=\"http:\/\/www.cantinebarone.it\"><u>www.cantinebarone.it<\/u><\/a><\/p>\n<p>a.2 Al fine di ricevere conferma delle informazioni visualizzate, ai sensi dell\u2019 Art. 4, comma 1, del D. Lgs. 185\/99, siete tenuti a stampare o salvare su supporto informatico queste pagine, nonch\u00e9 quella relativa all\u2019Ordine.<\/p>\n<p>&nbsp;<\/p>\n<h2><strong>L\u2019ordine<\/strong><\/h2>\n<p>b.1 Per ordinare occorre essere maggiorenni.<\/p>\n<p>b.2 Per effettuare un ordine \u00e8 necessario compilare utilizzare il \u201cCarrello\u201d seguendo le istruzioni che verranno indicate durante l\u2019esecuzione.<\/p>\n<p>b.3 I prezzi indicati nel listino WEB sono da intendersi IVA 22% inclusa.<\/p>\n<p>&nbsp;<\/p>\n<h2><strong>Il pagamento<\/strong><\/h2>\n<p>c.1 Il pagamento deve essere effettuato esclusivamente in Euro.<\/p>\n<p>c.2 Le modalit\u00e0 di pagamento disponibili sono le seguenti:<\/p>\n<p>\u2013 paypal<\/p>\n<p>\u2013 bonifico bancario<\/p>\n<p>Nessun altra modalit\u00e0 di pagamento \u00e8 accettata.<\/p>\n<p>&nbsp;<\/p>\n<h2><strong>Consegna<\/strong><\/h2>\n<p>d.1 La consegna \u00e8 prevista per l\u2019Italia e l\u2019Europa.<\/p>\n<p>d.2 La consegna avviene tramite corriere espresso BRT per le vendite con destinazione Italia o Europa. Il servizio di consegna \u00e8 comprensivo di imballaggio, trasporto. L\u2019importo di questo servizio \u00e8 di 5\u20ac per l\u2019Italia e 15\u20ac per l\u2019Europa<\/p>\n<p>&nbsp;<\/p>\n<h2><strong>Garanzia<\/strong><\/h2>\n<p>e.1 La merce \u00e8 assistita e garantita direttamente dal produttore ed \u00e8 quindi soggetta alle relative modalit\u00e0 d\u2019intervento. RISTAL SAS garantisce i prodotti commercializzati per 24 mesi, a decorrere dalla data di acquisto, salvo diversa indicazione. La garanzia decade in caso di utilizzo improprio della merce acquistata, incuria, danno volontario in momento successivo alla vendita; inoltre, viene riconosciuta soltanto all\u2019acquirente originale e decade in caso di vendita o cessione del prodotto a terzi.<\/p>\n<p>La garanzia non copre:<\/p>\n<p>\u2013 la durata della batteria;<\/p>\n<p>\u2013 i dyears old derivanti dal logorio e dall\u2019invecchiamento (come per esempio graffiature del vetro, alterazioni del colore e\/o del materiale di bracciali e cinturini non metallici e fatti per esempio con pelle, plastica, stoffa, velcro, ed il venir meno della placcatura);<\/p>\n<p>\u2013 ogni danno a qualsiasi che derivi da uso anormale o non autorizzato, da mancanza della dovuta attenzione, da negligenza, da incidenti (colpi, ammaccature, urti, vetro rotto, ecc.), dallo scorretto uso e dalla mancata osservanza delle istruzioni date dai fornitori;<\/p>\n<p>\u2013 qualsiasi danno indiretto di qualsiasi natura che possa derivare per esempio dall\u2019uso, dal malfunzionamento, da difetti;<\/p>\n<p>\u2013 le riparazioni degli oggetti venduti su RISTAL SAS fatte da persone non autorizzate (come per esempio nel corso del cambio della batteria, riparazioni o assistenza) o le alterazioni dalla sua condizione originale senza la supervisione di RISTAL SAS.. E\u2019 espressamente esclusa ogni ulteriore pretesa contro RISTAL SAS come per esempio per ulteriori dyears old ai sensi della garanzia di cui sopra, fatto salvo per qualsiasi ulteriore pretesa che l\u2019acquirente possa avere nei confronti del fabbricante ai sensi di legge.<\/p>\n<p>Risarcimento dyears old o indennizzi. Convenzionalmente viene escluso ogni diritto del Cliente ad un risarcimento dyears old o indennizzo nonch\u00e9 ogni responsabilit\u00e0 contrattuale o extracontrattuale per dyears old diretti o indiretti a persone e\/o cose derivanti dall\u2019uso o dal mancato uso dei prodotti.<\/p>\n<p>&nbsp;<\/p>\n<h2><strong>Diritto di recesso<\/strong><\/h2>\n<p>f.1 La vendita di prodotti tramite IL sito internet\u00a0<u>www.cantinebarone.it<\/u>\u00a0e\u2019 soggetta al Decreto Legislativo n.185 del 22\/5\/19991, relativo alla protezione dei consumatori in materia di contratti a distanza, che prevede la possibilit\u00e0 da parte dell\u2019acquirente di esercitare il Diritto di Recesso.<\/p>\n<p>f.2 Il Diritto di Recesso si applica ai consumatori, cio\u00e8 alle persone fisiche che agiscono per scopi non riferibili all\u2019attivit\u00e0 professionale eventualmente svolta. Sono perci\u00f2 esclusi dal diritto di recesso, gli acquisti effettuati da rivenditori e da aziende. Tale diritto non pu\u00f2 essere applicato a software informatici sigillati, qualora siano stati aperti dal consumatore.<\/p>\n<p>f.3 Il consumatore pu\u00f2, senza dover specificarne il motivo, restituire i Prodotti acquistati al venditore entro un termine di 14 giorni dal ricevimento della merce.<\/p>\n<p>Il consumatore sar\u00e0 rimborsato delle somme versate, ad eccezione delle spese per la restituzione del bene (trasporti), che restano a suo carico.<\/p>\n<p>f.4 Modalit\u00e0 per l\u2019esercizio del diritto di recesso:<\/p>\n<p>Entro il termine previsto (14 giorni) dalla data di ricevimento della merce deve essere inviata una comunicazione scritta della volont\u00e0 di esercitare il diritto di recesso. In questa comunicazione devono essere indicati numero e data dell\u2019ordine. E\u2019 possibile inviare la comunicazione anche a mezzo email all\u2019indirizzo\u00a0<u>info@cantinebarone.it<\/u><\/p>\n<p>L\u2019invio dei southdetti prodotti deve avere il seguente indirizzo di destinazione: RISTAL SAS, Via Giardino,2 84070 Rutino (SA). I Prodotti dovranno essere imballati accuratamente in modo da preservarne gli involucri originali; la merce che non segue le southdette indicazioni, potr\u00e0 essere respinta.<\/p>\n<p>Entro 14 giorni dal ricevimento dei prodotti, RISTAL SAS provveder\u00e0 ad effettuare l\u2019accredito al cliente dell\u2019importo indicato in fattura relativo ai soli prodotti e dunque epurato dei costi aggiuntivi.<\/p>\n<p>&nbsp;<\/p>\n<h2><strong>Legge applicabile e foro competente<\/strong><\/h2>\n<p>g.1 Il presente Contratto sar\u00e0 regolato dalla Legge Italiana.<\/p>\n<p>g.2 In caso di controversia sar\u00e0 esclusivamente competente l\u2019Autorit\u00e0 Giudiziaria di Nocera.<\/p>\n<p>&nbsp;<\/p>\n","protected":false},"excerpt":{"rendered":"<p>TERMINI E CONDIZIONI a.1 L\u2019accettazione dei Termini e delle Condizioni qui riportate costituisce un Contratto tra l\u2019acquirente e RISTAL srl per la compravendita dei prodotti elencati nel Catalogo on line del Sito\u00a0www.cantinebarone.it a.2 Al fine di ricevere conferma delle informazioni visualizzate, ai sensi dell\u2019 Art. 4, comma 1, del D. Lgs. 185\/99, siete tenuti a<br class=\"read-more-spacer\"> <a class=\"more-link\" href=\"https:\/\/cantinebarone.it\/en\/termini\/\">Read More<\/a><\/p>\n","protected":false},"author":269,"featured_media":0,"parent":0,"menu_order":0,"comment_status":"closed","ping_status":"closed","template":"","meta":{"footnotes":""},"class_list":["post-2355","page","type-page","status-publish","hentry"],"yoast_head":"<!-- This site is optimized with the Yoast SEO plugin v27.3 - https:\/\/yoast.com\/product\/yoast-seo-wordpress\/ -->\n<title>Terms - Cantine Barone<\/title>\n<meta name=\"robots\" content=\"index, follow, max-snippet:-1, max-image-preview:large, max-video-preview:-1\" \/>\n<link rel=\"canonical\" href=\"https:\/\/cantinebarone.it\/en\/termini\/\" \/>\n<meta property=\"og:locale\" content=\"en_US\" \/>\n<meta property=\"og:type\" content=\"article\" \/>\n<meta property=\"og:title\" content=\"Terms - Cantine Barone\" \/>\n<meta property=\"og:description\" content=\"TERMINI E CONDIZIONI a.1 L\u2019accettazione dei Termini e delle Condizioni qui riportate costituisce un Contratto tra l\u2019acquirente e RISTAL srl per la compravendita dei prodotti elencati nel Catalogo on line del Sito\u00a0www.cantinebarone.it a.2 Al fine di ricevere conferma delle informazioni visualizzate, ai sensi dell\u2019 Art. 4, comma 1, del D. Lgs. 185\/99, siete tenuti a Read More\" \/>\n<meta property=\"og:url\" content=\"https:\/\/cantinebarone.it\/en\/termini\/\" \/>\n<meta property=\"og:site_name\" content=\"Cantine Barone\" \/>\n<meta property=\"article:modified_time\" content=\"2018-12-07T09:12:29+00:00\" \/>\n<meta name=\"twitter:card\" content=\"summary_large_image\" \/>\n<meta name=\"twitter:label1\" content=\"Est. reading time\" \/>\n\t<meta name=\"twitter:data1\" content=\"4 minutes\" \/>\n<script type=\"application\/ld+json\" class=\"yoast-schema-graph\">{\"@context\":\"https:\\\/\\\/schema.org\",\"@graph\":[{\"@type\":\"WebPage\",\"@id\":\"https:\\\/\\\/cantinebarone.it\\\/en\\\/termini\\\/\",\"url\":\"https:\\\/\\\/cantinebarone.it\\\/en\\\/termini\\\/\",\"name\":\"Terms - Cantine Barone\",\"isPartOf\":{\"@id\":\"https:\\\/\\\/cantinebarone.it\\\/#website\"},\"datePublished\":\"2018-11-27T14:29:02+00:00\",\"dateModified\":\"2018-12-07T09:12:29+00:00\",\"breadcrumb\":{\"@id\":\"https:\\\/\\\/cantinebarone.it\\\/en\\\/termini\\\/#breadcrumb\"},\"inLanguage\":\"en-US\",\"potentialAction\":[{\"@type\":\"ReadAction\",\"target\":[\"https:\\\/\\\/cantinebarone.it\\\/en\\\/termini\\\/\"]}]},{\"@type\":\"BreadcrumbList\",\"@id\":\"https:\\\/\\\/cantinebarone.it\\\/en\\\/termini\\\/#breadcrumb\",\"itemListElement\":[{\"@type\":\"ListItem\",\"position\":1,\"name\":\"Home\",\"item\":\"https:\\\/\\\/cantinebarone.it\\\/\"},{\"@type\":\"ListItem\",\"position\":2,\"name\":\"Terms\"}]},{\"@type\":\"WebSite\",\"@id\":\"https:\\\/\\\/cantinebarone.it\\\/#website\",\"url\":\"https:\\\/\\\/cantinebarone.it\\\/\",\"name\":\"Cantine Barone\",\"description\":\"Ogni Male Stuta\",\"potentialAction\":[{\"@type\":\"SearchAction\",\"target\":{\"@type\":\"EntryPoint\",\"urlTemplate\":\"https:\\\/\\\/cantinebarone.it\\\/?s={search_term_string}\"},\"query-input\":{\"@type\":\"PropertyValueSpecification\",\"valueRequired\":true,\"valueName\":\"search_term_string\"}}],\"inLanguage\":\"en-US\"}]}<\/script>\n<!-- \/ Yoast SEO plugin. -->","yoast_head_json":{"title":"Terms - Cantine Barone","robots":{"index":"index","follow":"follow","max-snippet":"max-snippet:-1","max-image-preview":"max-image-preview:large","max-video-preview":"max-video-preview:-1"},"canonical":"https:\/\/cantinebarone.it\/en\/termini\/","og_locale":"en_US","og_type":"article","og_title":"Terms - Cantine Barone","og_description":"TERMINI E CONDIZIONI a.1 L\u2019accettazione dei Termini e delle Condizioni qui riportate costituisce un Contratto tra l\u2019acquirente e RISTAL srl per la compravendita dei prodotti elencati nel Catalogo on line del Sito\u00a0www.cantinebarone.it a.2 Al fine di ricevere conferma delle informazioni visualizzate, ai sensi dell\u2019 Art. 4, comma 1, del D. Lgs. 185\/99, siete tenuti a Read More","og_url":"https:\/\/cantinebarone.it\/en\/termini\/","og_site_name":"Cantine Barone","article_modified_time":"2018-12-07T09:12:29+00:00","twitter_card":"summary_large_image","twitter_misc":{"Est. reading time":"4 minutes"},"schema":{"@context":"https:\/\/schema.org","@graph":[{"@type":"WebPage","@id":"https:\/\/cantinebarone.it\/en\/termini\/","url":"https:\/\/cantinebarone.it\/en\/termini\/","name":"Terms - Cantine Barone","isPartOf":{"@id":"https:\/\/cantinebarone.it\/#website"},"datePublished":"2018-11-27T14:29:02+00:00","dateModified":"2018-12-07T09:12:29+00:00","breadcrumb":{"@id":"https:\/\/cantinebarone.it\/en\/termini\/#breadcrumb"},"inLanguage":"en-US","potentialAction":[{"@type":"ReadAction","target":["https:\/\/cantinebarone.it\/en\/termini\/"]}]},{"@type":"BreadcrumbList","@id":"https:\/\/cantinebarone.it\/en\/termini\/#breadcrumb","itemListElement":[{"@type":"ListItem","position":1,"name":"Home","item":"https:\/\/cantinebarone.it\/"},{"@type":"ListItem","position":2,"name":"Terms"}]},{"@type":"WebSite","@id":"https:\/\/cantinebarone.it\/#website","url":"https:\/\/cantinebarone.it\/","name":"Cantine Barone","description":"Ogni Male Stuta","potentialAction":[{"@type":"SearchAction","target":{"@type":"EntryPoint","urlTemplate":"https:\/\/cantinebarone.it\/?s={search_term_string}"},"query-input":{"@type":"PropertyValueSpecification","valueRequired":true,"valueName":"search_term_string"}}],"inLanguage":"en-US"}]}},"_links":{"self":[{"href":"https:\/\/cantinebarone.it\/en\/wp-json\/wp\/v2\/pages\/2355","targetHints":{"allow":["GET"]}}],"collection":[{"href":"https:\/\/cantinebarone.it\/en\/wp-json\/wp\/v2\/pages"}],"about":[{"href":"https:\/\/cantinebarone.it\/en\/wp-json\/wp\/v2\/types\/page"}],"author":[{"embeddable":true,"href":"https:\/\/cantinebarone.it\/en\/wp-json\/wp\/v2\/users\/269"}],"replies":[{"embeddable":true,"href":"https:\/\/cantinebarone.it\/en\/wp-json\/wp\/v2\/comments?post=2355"}],"version-history":[{"count":2,"href":"https:\/\/cantinebarone.it\/en\/wp-json\/wp\/v2\/pages\/2355\/revisions"}],"predecessor-version":[{"id":2550,"href":"https:\/\/cantinebarone.it\/en\/wp-json\/wp\/v2\/pages\/2355\/revisions\/2550"}],"wp:attachment":[{"href":"https:\/\/cantinebarone.it\/en\/wp-json\/wp\/v2\/media?parent=2355"}],"curies":[{"name":"wp","href":"https:\/\/api.w.org\/{rel}","templated":true}]}}